{"id":595,"date":"2018-11-08T16:11:02","date_gmt":"2018-11-08T16:11:02","guid":{"rendered":"http:\/\/freiheitsdenkmal-leipzig.de\/?page_id=595"},"modified":"2020-12-10T07:57:17","modified_gmt":"2020-12-10T07:57:17","slug":"denkmalsdiskurs","status":"publish","type":"page","link":"http:\/\/freiheitsdenkmal-leipzig.de\/en\/denkmalsdiskurs","title":{"rendered":"Denkmalsdiskurs"},"content":{"rendered":"<style type=\"text\/css\" data-created_by=\"avia_inline_auto\" id=\"style-css-av-596nxb-52a5a5a11c02d2f6e684f0d8c7476e29\">\n.avia-section.av-596nxb-52a5a5a11c02d2f6e684f0d8c7476e29 .av-parallax .av-parallax-inner{\nbackground-repeat:no-repeat;\nbackground-image:url(https:\/\/freiheitsdenkmal-leipzig.de\/wp-content\/uploads\/2018\/06\/Foto-003-002-024_79dpi_comp.jpg);\nbackground-position:50% 100%;\nbackground-attachment:scroll;\n}\n<\/style>\n<div id='av_section_1'  class='avia-section av-596nxb-52a5a5a11c02d2f6e684f0d8c7476e29 main_color avia-section-default avia-no-shadow  avia-builder-el-0  el_before_av_one_full  avia-builder-el-first  avia-full-stretch av-parallax-section avia-bg-style-parallax av-minimum-height av-minimum-height-50 av-height-50  container_wrap fullsize'  data-section-bg-repeat='stretch' data-av_minimum_height_pc='50' data-av_min_height_opt='50'><div class='av-parallax' data-avia-parallax-ratio='0.3' ><div class='av-parallax-inner main_color avia-full-stretch'><\/div><\/div><div class='container av-section-cont-open' ><main  role=\"main\" itemprop=\"mainContentOfPage\"  class='template-page content  av-content-full alpha units'><div class='post-entry post-entry-type-page post-entry-595'><div class='entry-content-wrapper clearfix'>\n\n<style type=\"text\/css\" data-created_by=\"avia_inline_auto\" id=\"style-css-av-jsan4j1h-4b4eefb5fd1aa87bb81bb99ea8bc1676\">\n#top .av-special-heading.av-jsan4j1h-4b4eefb5fd1aa87bb81bb99ea8bc1676{\npadding-bottom:0;\ncolor:#ffffff;\nfont-size:60px;\n}\nbody .av-special-heading.av-jsan4j1h-4b4eefb5fd1aa87bb81bb99ea8bc1676 .av-special-heading-tag .heading-char{\nfont-size:25px;\n}\n#top #wrap_all .av-special-heading.av-jsan4j1h-4b4eefb5fd1aa87bb81bb99ea8bc1676 .av-special-heading-tag{\nfont-size:60px;\n}\n.av-special-heading.av-jsan4j1h-4b4eefb5fd1aa87bb81bb99ea8bc1676 .special-heading-inner-border{\nborder-color:#ffffff;\n}\n.av-special-heading.av-jsan4j1h-4b4eefb5fd1aa87bb81bb99ea8bc1676 .av-subheading{\nfont-size:18px;\n}\n\n@media only screen and (min-width: 480px) and (max-width: 767px){ \n#top #wrap_all .av-special-heading.av-jsan4j1h-4b4eefb5fd1aa87bb81bb99ea8bc1676 .av-special-heading-tag{\nfont-size:40px;\n}\n}\n\n@media only screen and (max-width: 479px){ \n#top #wrap_all .av-special-heading.av-jsan4j1h-4b4eefb5fd1aa87bb81bb99ea8bc1676 .av-special-heading-tag{\nfont-size:24px;\n}\n}\n<\/style>\n<div  class='av-special-heading av-jsan4j1h-4b4eefb5fd1aa87bb81bb99ea8bc1676 av-special-heading-h1 custom-color-heading blockquote modern-quote  avia-builder-el-1  avia-builder-el-no-sibling  av-thin-font av-inherit-size'><h1 class='av-special-heading-tag'  itemprop=\"headline\"  ><strong>DenkmalsDiskurs<\/strong><\/h1><div class=\"special-heading-border\"><div class=\"special-heading-inner-border\"><\/div><\/div><\/div>\n<\/div><\/div><\/main><!-- close content main element --><\/div><\/div><div id='after_section_1'  class='main_color av_default_container_wrap container_wrap fullsize'  ><div class='container av-section-cont-open' ><div class='template-page content  av-content-full alpha units'><div class='post-entry post-entry-type-page post-entry-595'><div class='entry-content-wrapper clearfix'>\n\n<style type=\"text\/css\" data-created_by=\"avia_inline_auto\" id=\"style-css-av-g82in-fbec9658e72b48095179853b2bbc7330\">\n.flex_column.av-g82in-fbec9658e72b48095179853b2bbc7330{\nborder-radius:0px 0px 0px 0px;\npadding:0px 0px 0px 0px;\n}\n<\/style>\n<div  class='flex_column av-g82in-fbec9658e72b48095179853b2bbc7330 av_one_full  avia-builder-el-2  el_after_av_section  el_before_av_hr  avia-builder-el-first  first flex_column_div av-zero-column-padding'     ><style type=\"text\/css\" data-created_by=\"avia_inline_auto\" id=\"style-css-av-jofkyp5a-b95176a0583420d9f2d7342123998942\">\n#top .av-special-heading.av-jofkyp5a-b95176a0583420d9f2d7342123998942{\npadding-bottom:10px;\n}\nbody .av-special-heading.av-jofkyp5a-b95176a0583420d9f2d7342123998942 .av-special-heading-tag .heading-char{\nfont-size:25px;\n}\n.av-special-heading.av-jofkyp5a-b95176a0583420d9f2d7342123998942 .av-subheading{\nfont-size:20px;\n}\n<\/style>\n<div  class='av-special-heading av-jofkyp5a-b95176a0583420d9f2d7342123998942 av-special-heading-h2 blockquote modern-quote  avia-builder-el-3  avia-builder-el-no-sibling  av-thin-font'><div class='av-subheading av-subheading_above'><p>Schritte zu einem<\/p>\n<\/div><h2 class='av-special-heading-tag'  itemprop=\"headline\"  ><strong>Neustart f\u00fcr ein Freiheits- und Einheitsdenkmal in Leipzig<\/strong><\/h2><div class=\"special-heading-border\"><div class=\"special-heading-inner-border\"><\/div><\/div><\/div><\/div>\n\n<style type=\"text\/css\" data-created_by=\"avia_inline_auto\" id=\"style-css-av-jofkkw55-341f291878c855e7de520fa95f604ec9\">\n#top .hr.hr-invisible.av-jofkkw55-341f291878c855e7de520fa95f604ec9{\nheight:35px;\n}\n<\/style>\n<div  class='hr av-jofkkw55-341f291878c855e7de520fa95f604ec9 hr-invisible  avia-builder-el-4  el_after_av_one_full  el_before_av_four_fifth  av-mini-hide'><span class='hr-inner'><span class=\"hr-inner-style\"><\/span><\/span><\/div>\n<div class='flex_column_table av-fslf3-536d0c9b94ccc73cfb3fac3b50e4ba7a sc-av_four_fifth av-equal-height-column-flextable'>\n<style type=\"text\/css\" data-created_by=\"avia_inline_auto\" id=\"style-css-av-fslf3-536d0c9b94ccc73cfb3fac3b50e4ba7a\">\n.flex_column.av-fslf3-536d0c9b94ccc73cfb3fac3b50e4ba7a{\nborder-radius:0px 0px 0px 0px;\npadding:0px 0px 0px 0px;\n}\n<\/style>\n<div  class='flex_column av-fslf3-536d0c9b94ccc73cfb3fac3b50e4ba7a av_four_fifth  avia-builder-el-5  el_after_av_hr  el_before_av_one_fifth  first flex_column_table_cell av-equal-height-column av-align-top av-zero-column-padding'     ><section  class='av_textblock_section av-jisvrh1c-2bab43780ae2f2e42f785fc79666e650'   itemscope=\"itemscope\" itemtype=\"https:\/\/schema.org\/CreativeWork\" ><div class='avia_textblock'  itemprop=\"text\" ><section class=\"av_textblock_section\">\n<div class=\"avia_textblock\">\n<section class=\"av_textblock_section\">\n<div class=\"avia_textblock\"><\/div>\n<\/section>\n<h4 class=\"Default\"><strong>Status Quo<\/strong><\/h4>\n<p>Knapp 80 Prozent der Leipziger und 70 Prozent der B\u00fcrger*innen bundesweit bef\u00fcrworten das geplante Freiheits- und Einheitsdenkmal f\u00fcr die Bundesrepublik am Standort Leipzig. Zu diesem Ergebnis kommt eine <strong><a href=\"\/wp-content\/uploads\/2018\/06\/20180515_Denkmal_MaFo_Bericht-2.pdf\" target=\"_blank\" rel=\"noopener\">aktuelle repr\u00e4sentative Umfrage<\/a><\/strong> and <a href=\"\/wp-content\/uploads\/2018\/06\/20180504_Denkmal_MaFo_Schlussfolgerungen.pdf\" target=\"_blank\" rel=\"noopener\"><strong>its evaluation<\/strong><\/a> des <a href=\"https:\/\/www.hitschfeld.de\/\" target=\"_blank\" rel=\"noopener\">Hitschfeld B\u00fcro f\u00fcr strategische Kommunikation GmbH<\/a> on behalf of the <a href=\"https:\/\/www.stiftung-fr.de\/\" target=\"_blank\" rel=\"noopener\">Foundation Peaceful Revolution<\/a>.<\/p>\n<p>Aber: Nur eine Minderheit hat schon einmal von den Denkmalspl\u00e4nen \u2013 konkret: dem Beschluss des Bundestages und der Stadt \u2013 geh\u00f6rt! Nicht einmal jede*r F\u00fcnfte in den alten und nur knapp jede*r Dritte in den neuen Bundesl\u00e4ndern kennt die \u201epolitischen Basisentscheidungen\u201c zum Denkmal. Selbst in Leipzig wei\u00df nur eine knappe Mehrheit um die politischen Beschl\u00fcsse.<\/p>\n<\/div>\n<\/section>\n<\/div><\/section><\/div>\n<div class='av-flex-placeholder'><\/div>\n<style type=\"text\/css\" data-created_by=\"avia_inline_auto\" id=\"style-css-av-bqhdz-93e3fb34dd77033182e6c315ea099490\">\n.flex_column.av-bqhdz-93e3fb34dd77033182e6c315ea099490{\nborder-radius:0px 0px 0px 0px;\npadding:20px 0px 20px 0px;\n}\n<\/style>\n<div  class='flex_column av-bqhdz-93e3fb34dd77033182e6c315ea099490 av_one_fifth  avia-builder-el-7  el_after_av_four_fifth  el_before_av_hr  flex_column_table_cell av-equal-height-column av-align-top av-hide-on-mobile'     ><style type=\"text\/css\" data-created_by=\"avia_inline_auto\" id=\"style-css-av-jisvnoge-c721f105e1b8253833cf03b0ac8a5274\">\n.av_font_icon.av-jisvnoge-c721f105e1b8253833cf03b0ac8a5274 .av-icon-char{\nfont-size:50px;\nline-height:50px;\nwidth:50px;\n}\n<\/style>\n<span  class='av_font_icon av-jisvnoge-c721f105e1b8253833cf03b0ac8a5274 avia_animate_when_visible av-icon-style-border avia-icon-pos-center av-no-color avia-icon-animate'><a href='http:\/\/freiheitsdenkmal-leipzig.de\/wp-content\/uploads\/2018\/06\/20180515_Denkmal_MaFo_Bericht-2.pdf' target=\"_blank\" rel=\"noopener noreferrer\" class='av-icon-char' aria-hidden='true' data-av_icon='\ue8d2' data-av_iconfont='entypo-fontello'><\/a><span class='av_icon_caption av-special-font'>Survey<\/span><\/span><\/div><\/div><!--close column table wrapper. Autoclose: 1 -->\n\n<style type=\"text\/css\" data-created_by=\"avia_inline_auto\" id=\"style-css-av-jofkkw55-38272eb9df9d2e8d8a3add43810e0d45\">\n#top .hr.hr-invisible.av-jofkkw55-38272eb9df9d2e8d8a3add43810e0d45{\nheight:25px;\n}\n<\/style>\n<div  class='hr av-jofkkw55-38272eb9df9d2e8d8a3add43810e0d45 hr-invisible  avia-builder-el-9  el_after_av_one_fifth  el_before_av_four_fifth  av-mini-hide'><span class='hr-inner'><span class=\"hr-inner-style\"><\/span><\/span><\/div>\n<div class='flex_column_table av-fslf3-536d0c9b94ccc73cfb3fac3b50e4ba7a sc-av_four_fifth av-equal-height-column-flextable'>\n<style type=\"text\/css\" data-created_by=\"avia_inline_auto\" id=\"style-css-av-fslf3-536d0c9b94ccc73cfb3fac3b50e4ba7a\">\n.flex_column.av-fslf3-536d0c9b94ccc73cfb3fac3b50e4ba7a{\nborder-radius:0px 0px 0px 0px;\npadding:0px 0px 0px 0px;\n}\n<\/style>\n<div  class='flex_column av-fslf3-536d0c9b94ccc73cfb3fac3b50e4ba7a av_four_fifth  avia-builder-el-10  el_after_av_hr  el_before_av_one_fifth  first flex_column_table_cell av-equal-height-column av-align-top av-zero-column-padding'     ><section  class='av_textblock_section av-jisvrh1c-2bab43780ae2f2e42f785fc79666e650'   itemscope=\"itemscope\" itemtype=\"https:\/\/schema.org\/CreativeWork\" ><div class='avia_textblock'  itemprop=\"text\" ><section class=\"av_textblock_section\">\n<div class=\"avia_textblock\">\n<section class=\"av_textblock_section\">\n<div class=\"avia_textblock\"><\/div>\n<\/section>\n<h4><strong>Beteiligung<\/strong><\/h4>\n<p>Die B\u00fcrgerinnen und B\u00fcrger sind eingeladen, sich in K\u00fcrze an einem mehrstufigen Verfahren f\u00fcr ein Freiheits- und Einheitsdenkmal in Leipzig zu beteiligen. \u00d6ffentlich beraten werden soll dabei z. B. \u00fcber<\/p>\n<ul>\n<li>den <strong>Prozess der Entscheidungsfindung<\/strong>,<\/li>\n<li>the <strong>Aufgabenstellung an ein Denkmal<\/strong><\/li>\n<li>den <strong>Standort in Leipzig<\/strong><\/li>\n<li>the <strong>Entscheidung f\u00fcr einen Wettbewerbsentwurf<\/strong>.<\/li>\n<\/ul>\n<p>W\u00e4hrend der aktiven Beteiligungszeitr\u00e4ume werden Sie auf dieser Website und \u00fcber Projektflyer zu den aktuellen Fragestellungen im Denkmalsprozess informiert und k\u00f6nnen dann per Post oder \u00fcber das Kontaktformular Ihre R\u00fcckmeldung, Meinung und Vorschl\u00e4ge abgeben.Aber auch jetzt schon nehmen wir gerne alle Ihre Anregungen und Hinweise zu einem Freiheits- und Einheitsdenkmaldenkmal in Leipzig entgegen \u2013 per Post an Stiftung Friedliche Revolution, Nikolaikirchhof 3, 04109 Leipzig oder digital \u00fcber die <a href=\"\/en\/denkmalsdiskurs\/#kontaktformular\" rel=\"noopener\"><strong>Kontaktfunktion<\/strong><\/a> dieser Webseite.<\/p>\n<\/div>\n<\/section>\n<p><!--more--><\/p>\n<p><!--more--><\/p>\n<p><!--more--><\/p>\n<\/div><\/section><\/div>\n<div class='av-flex-placeholder'><\/div>\n<style type=\"text\/css\" data-created_by=\"avia_inline_auto\" id=\"style-css-av-bqhdz-6b7cad817685e503dbd896a5002c7741\">\n.flex_column.av-bqhdz-6b7cad817685e503dbd896a5002c7741{\nborder-radius:0px 0px 0px 0px;\npadding:70px 0px 0px 0px;\n}\n<\/style>\n<div  class='flex_column av-bqhdz-6b7cad817685e503dbd896a5002c7741 av_one_fifth  avia-builder-el-12  el_after_av_four_fifth  el_before_av_hr  flex_column_table_cell av-equal-height-column av-align-top av-hide-on-mobile'     ><style type=\"text\/css\" data-created_by=\"avia_inline_auto\" id=\"style-css-av-jisvnoge-f15aff9587bc3f1290d15a3c5492da14\">\n.av_font_icon.av-jisvnoge-f15aff9587bc3f1290d15a3c5492da14 .av-icon-char{\nfont-size:50px;\nline-height:50px;\nwidth:50px;\n}\n<\/style>\n<span  class='av_font_icon av-jisvnoge-f15aff9587bc3f1290d15a3c5492da14 avia_animate_when_visible av-icon-style-border avia-icon-pos-center av-no-color avia-icon-animate'><a href='http:\/\/freiheitsdenkmal-leipzig.de\/en\/denkmalsdiskurs\/#kontaktformular' target=\"_blank\" rel=\"noopener noreferrer\" class='av-icon-char' aria-hidden='true' data-av_icon='\ue83c' data-av_iconfont='entypo-fontello'><\/a><span class='av_icon_caption av-special-font'>Contact<\/span><\/span><\/div><\/div><!--close column table wrapper. Autoclose: 1 -->\n\n<style type=\"text\/css\" data-created_by=\"avia_inline_auto\" id=\"style-css-av-jofkkw55-38272eb9df9d2e8d8a3add43810e0d45\">\n#top .hr.hr-invisible.av-jofkkw55-38272eb9df9d2e8d8a3add43810e0d45{\nheight:25px;\n}\n<\/style>\n<div  class='hr av-jofkkw55-38272eb9df9d2e8d8a3add43810e0d45 hr-invisible  avia-builder-el-14  el_after_av_one_fifth  el_before_av_four_fifth  av-mini-hide'><span class='hr-inner'><span class=\"hr-inner-style\"><\/span><\/span><\/div>\n<div class='flex_column_table av-fslf3-536d0c9b94ccc73cfb3fac3b50e4ba7a sc-av_four_fifth av-equal-height-column-flextable'>\n<style type=\"text\/css\" data-created_by=\"avia_inline_auto\" id=\"style-css-av-fslf3-536d0c9b94ccc73cfb3fac3b50e4ba7a\">\n.flex_column.av-fslf3-536d0c9b94ccc73cfb3fac3b50e4ba7a{\nborder-radius:0px 0px 0px 0px;\npadding:0px 0px 0px 0px;\n}\n<\/style>\n<div  class='flex_column av-fslf3-536d0c9b94ccc73cfb3fac3b50e4ba7a av_four_fifth  avia-builder-el-15  el_after_av_hr  el_before_av_one_fifth  first flex_column_table_cell av-equal-height-column av-align-top av-zero-column-padding'     ><section  class='av_textblock_section av-jisvrh1c-2bab43780ae2f2e42f785fc79666e650'   itemscope=\"itemscope\" itemtype=\"https:\/\/schema.org\/CreativeWork\" ><div class='avia_textblock'  itemprop=\"text\" ><section class=\"av_textblock_section\">\n<div class=\"avia_textblock\">\n<h4><strong>Auswertung, Dokumentation, \u00dcberarbeitung<\/strong><\/h4>\n<p>Die eingegangenen R\u00fcckmeldungen zu den einzelnen Verfahrensschritten werden dokumentiert und sorgf\u00e4ltig\u00a0 abgewogen.<br \/>\nAuf dieser Grundlage erfolgt dann die \u00dcberarbeitung des zur Diskussion gestellten Verfahrensentwurfs. Der modifizierte Vorschlag wird dann zur Umsetzung an die Stadt Leipzig \u00fcbergeben.<\/p>\n<\/div>\n<\/section>\n<\/div><\/section><\/div>\n<div class='av-flex-placeholder'><\/div>\n<style type=\"text\/css\" data-created_by=\"avia_inline_auto\" id=\"style-css-av-bqhdz-39371f8605384baf70d3117a0254eca1\">\n.flex_column.av-bqhdz-39371f8605384baf70d3117a0254eca1{\nborder-radius:0px 0px 0px 0px;\npadding:0px 0px 0px 0px;\n}\n<\/style>\n<div  class='flex_column av-bqhdz-39371f8605384baf70d3117a0254eca1 av_one_fifth  avia-builder-el-17  el_after_av_four_fifth  el_before_av_hr  flex_column_table_cell av-equal-height-column av-align-top av-hide-on-mobile'     ><style type=\"text\/css\" data-created_by=\"avia_inline_auto\" id=\"style-css-av-jisvnoge-0831416ecb7735ce7fd15dd2ee300371\">\n.av_font_icon.av-jisvnoge-0831416ecb7735ce7fd15dd2ee300371{\ncolor:#f05a1a;\nborder-color:#f05a1a;\n}\n.av_font_icon.av-jisvnoge-0831416ecb7735ce7fd15dd2ee300371 .av-icon-char{\nfont-size:50px;\nline-height:50px;\nwidth:50px;\n}\n<\/style>\n<span  class='av_font_icon av-jisvnoge-0831416ecb7735ce7fd15dd2ee300371 avia_animate_when_visible av-icon-style-border avia-icon-pos-center avia-icon-animate'><span class='av-icon-char' aria-hidden='true' data-av_icon='\ue812' data-av_iconfont='entypo-fontello' ><\/span><\/span><\/div><\/div><!--close column table wrapper. Autoclose: 1 -->\n\n<style type=\"text\/css\" data-created_by=\"avia_inline_auto\" id=\"style-css-av-jk3uwi8d-78369c2ba7aa3ff5fda8a0a051c5c396\">\n#top .hr.hr-invisible.av-jk3uwi8d-78369c2ba7aa3ff5fda8a0a051c5c396{\nheight:30px;\n}\n<\/style>\n<div  class='hr av-jk3uwi8d-78369c2ba7aa3ff5fda8a0a051c5c396 hr-invisible  avia-builder-el-19  el_after_av_one_fifth  el_before_av_section  avia-builder-el-last  av-small-hide av-mini-hide'><span class='hr-inner'><span class=\"hr-inner-style\"><\/span><\/span><\/div>\n<\/div><\/div><\/div><!-- close content main div --><\/div><\/div><div id='av_section_2'  class='avia-section av-cw8h3-314637b6150b3af938edbb2e0ab15311 main_color avia-section-default avia-no-border-styling  avia-builder-el-20  el_after_av_hr  el_before_av_section  avia-bg-style-scroll container_wrap fullsize'  ><div class='container av-section-cont-open' ><div class='template-page content  av-content-full alpha units'><div class='post-entry post-entry-type-page post-entry-595'><div class='entry-content-wrapper clearfix'>\n\n<style type=\"text\/css\" data-created_by=\"avia_inline_auto\" id=\"style-css-av-bqhdz-efa8dfb8a1f9d5ab6554ba67da3a218a\">\n.flex_column.av-bqhdz-efa8dfb8a1f9d5ab6554ba67da3a218a{\nborder-radius:0px 0px 0px 0px;\npadding:0px 0px 0px 0px;\n}\n<\/style>\n<div  class='flex_column av-bqhdz-efa8dfb8a1f9d5ab6554ba67da3a218a av_one_fourth  avia-builder-el-21  el_before_av_one_half  avia-builder-el-first  first flex_column_div av-animated-generic bottom-to-top av-hide-on-mobile av-zero-column-padding'     ><style type=\"text\/css\" data-created_by=\"avia_inline_auto\" id=\"style-css-av-jisvnoge-ba982daad68ff27c9e7efba4f94e87c1\">\n.av_font_icon.av-jisvnoge-ba982daad68ff27c9e7efba4f94e87c1{\ncolor:#ef7045;\nborder-color:#ef7045;\n}\n.av_font_icon.av-jisvnoge-ba982daad68ff27c9e7efba4f94e87c1 .av-icon-char{\nfont-size:100px;\nline-height:100px;\n}\n<\/style>\n<span  class='av_font_icon av-jisvnoge-ba982daad68ff27c9e7efba4f94e87c1 avia_animate_when_visible av-icon-style- avia-icon-pos-center avia-icon-animate'><span class='av-icon-char' aria-hidden='true' data-av_icon='\ue832' data-av_iconfont='entypo-fontello' data-avia-icon-tooltip=\"&lt;br \/&gt;Umfrage&lt;br \/&gt;\"><\/span><\/span><\/div>\n<style type=\"text\/css\" data-created_by=\"avia_inline_auto\" id=\"style-css-av-8e5lj-a54002eedc4dcc03a38e4d9cb6279fe4\">\n.flex_column.av-8e5lj-a54002eedc4dcc03a38e4d9cb6279fe4{\nborder-radius:0px 0px 0px 0px;\npadding:0px 0px 0px 0px;\n}\n<\/style>\n<div  class='flex_column av-8e5lj-a54002eedc4dcc03a38e4d9cb6279fe4 av_one_half  avia-builder-el-23  el_after_av_one_fourth  avia-builder-el-last  flex_column_div av-zero-column-padding'     ><section  class='av_textblock_section av-jiswibrc-92d4124870cb5655c10470879b42e076'   itemscope=\"itemscope\" itemtype=\"https:\/\/schema.org\/CreativeWork\" ><div class='avia_textblock'  itemprop=\"text\" ><blockquote>\n<style type=\"text\/css\" data-created_by=\"avia_inline_auto\" id=\"style-css-av-6xe2z-45631d712dca933a21aca0ea0d99ea5a\">\n.av_font_icon.av-6xe2z-45631d712dca933a21aca0ea0d99ea5a .av-icon-char{\nfont-size:25px;\nline-height:25px;\n}\n<\/style>\n<span  class='av_font_icon av-6xe2z-45631d712dca933a21aca0ea0d99ea5a avia_animate_when_visible av-icon-style- avia-icon-pos-left av-no-color avia-icon-animate'><span class='av-icon-char' aria-hidden='true' data-av_icon='\ue833' data-av_iconfont='entypo-fontello' ><\/span><\/span>\n<p>We look forward to lively participation by the citizens of Leipzig.<\/p>\n<p>Participation, voice and commitment have a long tradition in our citizenship. The Peaceful Revolution Foundation is also committed to these values.\n<style type=\"text\/css\" data-created_by=\"avia_inline_auto\" id=\"style-css-av-6xe2z-ba36f82539187bb790477fa91a8c6d9c\">\n.av_font_icon.av-6xe2z-ba36f82539187bb790477fa91a8c6d9c .av-icon-char{\nfont-size:25px;\nline-height:25px;\n}\n<\/style>\n<span  class='av_font_icon av-6xe2z-ba36f82539187bb790477fa91a8c6d9c avia_animate_when_visible av-icon-style- avia-icon-pos-right av-no-color avia-icon-animate'><span class='av-icon-char' aria-hidden='true' data-av_icon='\ue833' data-av_iconfont='entypo-fontello' ><\/span><\/span><\/p>\n<p><em>Prof. Dr. Rainer Vor, Chairman<\/em><br \/>\n<em> of the Foundation Peaceful Revolution<\/em><\/p>\n<\/blockquote>\n<\/div><\/section><\/div>\n\n<\/div><\/div><\/div><!-- close content main div --><\/div><\/div><div id='kontaktformular'  class='avia-section av-70h0n-3689e6863010fdf793c1db0758ce0d47 main_color avia-section-default avia-no-border-styling  avia-builder-el-27  el_after_av_section  avia-builder-el-last  avia-bg-style-scroll container_wrap fullsize'  ><div class='container av-section-cont-open' ><div class='template-page content  av-content-full alpha units'><div class='post-entry post-entry-type-page post-entry-595'><div class='entry-content-wrapper clearfix'>\n\n<style type=\"text\/css\" data-created_by=\"avia_inline_auto\" id=\"style-css-av-jo9r3g9v-7239618b65f96d8b0a7d76ab394f3516\">\n#top .av-special-heading.av-jo9r3g9v-7239618b65f96d8b0a7d76ab394f3516{\nmargin:0 0 0 20px;\npadding-bottom:10px;\nfont-size:22px;\n}\nbody .av-special-heading.av-jo9r3g9v-7239618b65f96d8b0a7d76ab394f3516 .av-special-heading-tag .heading-char{\nfont-size:25px;\n}\n#top #wrap_all .av-special-heading.av-jo9r3g9v-7239618b65f96d8b0a7d76ab394f3516 .av-special-heading-tag{\nfont-size:22px;\n}\n.av-special-heading.av-jo9r3g9v-7239618b65f96d8b0a7d76ab394f3516 .av-subheading{\nfont-size:19px;\n}\n\n@media only screen and (min-width: 480px) and (max-width: 767px){ \n#top #wrap_all .av-special-heading.av-jo9r3g9v-7239618b65f96d8b0a7d76ab394f3516 .av-special-heading-tag{\nfont-size:0.8em;\n}\n}\n\n@media only screen and (max-width: 479px){ \n#top #wrap_all .av-special-heading.av-jo9r3g9v-7239618b65f96d8b0a7d76ab394f3516 .av-special-heading-tag{\nfont-size:0.8em;\n}\n}\n<\/style>\n<div  class='av-special-heading av-jo9r3g9v-7239618b65f96d8b0a7d76ab394f3516 av-special-heading-h2 blockquote modern-quote  avia-builder-el-28  el_before_av_four_fifth  avia-builder-el-first  av-thin-font av-inherit-size'><h2 class='av-special-heading-tag'  itemprop=\"headline\"  ><strong>Wie finden Sie den vorgeschlagenen Prozess f\u00fcr das Leipziger Denkmal?<\/strong><\/h2><div class='av-subheading av-subheading_below'><p>Was m\u00f6chten Sie uns mit auf den Weg geben?<br \/>\nBringen Sie Ihre Meinung ein und schicken Sie uns gerne Ihre Vorschl\u00e4ge, Hinweise und R\u00fcckmeldungen.<\/p>\n<\/div><div class=\"special-heading-border\"><div class=\"special-heading-inner-border\"><\/div><\/div><\/div>\n\n<style type=\"text\/css\" data-created_by=\"avia_inline_auto\" id=\"style-css-av-7ky2r-7b8e33928c306b46f57fff0ccd5eee23\">\n.flex_column.av-7ky2r-7b8e33928c306b46f57fff0ccd5eee23{\nborder-radius:0px 0px 0px 0px;\npadding:0px 0px 0px 20px;\n}\n<\/style>\n<div  class='flex_column av-7ky2r-7b8e33928c306b46f57fff0ccd5eee23 av_four_fifth  avia-builder-el-29  el_after_av_heading  avia-builder-el-last  first flex_column_div'     ><form action=\"http:\/\/freiheitsdenkmal-leipzig.de\/en\/denkmalsdiskurs\/\" method=\"post\" data-fields-with-error=\"Found errors in the following field(s):\" class=\"avia_ajax_form av-form-labels-visible   avia-builder-el-30  avia-builder-el-no-sibling\" data-avia-form-id=\"1\" data-avia-redirect='' data-trp-original-action=\"http:\/\/freiheitsdenkmal-leipzig.de\/en\/denkmalsdiskurs\" ><fieldset><p class='first_form  form_element form_fullwidth' id='element_avia_1_1'><label for=\"avia_1_1\">Name <abbr class=\"required\" title=\"required\">*<\/abbr><\/label> <input name=\"avia_1_1\" class=\"text_input is_empty\" type=\"text\" id=\"avia_1_1\" value=\"\" \/><\/p><p class='first_form  form_element form_fullwidth' id='element_avia_2_1'><label for=\"avia_2_1\">E-Mail <abbr class=\"required\" title=\"required\">*<\/abbr><\/label> <input name=\"avia_2_1\" class=\"text_input is_email\" type=\"text\" id=\"avia_2_1\" value=\"\" \/><\/p><p class='first_form  form_element form_fullwidth' id='element_avia_3_1'><label for=\"avia_3_1\">Subject <abbr class=\"required\" title=\"required\">*<\/abbr><\/label> <input name=\"avia_3_1\" class=\"text_input is_empty\" type=\"text\" id=\"avia_3_1\" value=\"\" \/><\/p><p class='first_form  form_element form_fullwidth av-last-visible-form-element' id='element_avia_4_1'><label for=\"avia_4_1\" class=\"textare_label hidden textare_label_avia_4_1\">Message <abbr class=\"required\" title=\"required\">*<\/abbr><\/label><textarea  name=\"avia_4_1\" class=\"text_area is_empty\" cols=\"40\" rows=\"7\" id=\"avia_4_1\" ><\/textarea><\/p><p class=\"hidden\"><input type=\"text\" name=\"avia_5_1\" class=\"hidden\" id=\"avia_5_1\" value=\"\" \/><\/p><p class=\"form_element\"><input type=\"hidden\" value=\"1\" name=\"avia_generated_form1\" \/><input type=\"submit\" value=\"Submit\" class=\"button\"  data-sending-label=\"Sending\"\/><\/p><\/fieldset><input type=\"hidden\" name=\"trp-form-language\" value=\"en\"\/><\/form><div id=\"ajaxresponse_1\" class=\"ajaxresponse ajaxresponse_1 hidden\"><\/div><\/div>","protected":false},"excerpt":{"rendered":"<p>Beteiligung Die B\u00fcrgerinnen und B\u00fcrger sind eingeladen, sich in K\u00fcrze an einem mehrstufigen Verfahren f\u00fcr ein Freiheits- und Einheitsdenkmal in Leipzig zu beteiligen. \u00d6ffentlich beraten werden soll dabei z. B. [&hellip;]<\/p>","protected":false},"author":1,"featured_media":0,"parent":0,"menu_order":0,"comment_status":"closed","ping_status":"closed","template":"","meta":{"footnotes":""},"class_list":["post-595","page","type-page","status-publish","hentry"],"_links":{"self":[{"href":"http:\/\/freiheitsdenkmal-leipzig.de\/en\/wp-json\/wp\/v2\/pages\/595"}],"collection":[{"href":"http:\/\/freiheitsdenkmal-leipzig.de\/en\/wp-json\/wp\/v2\/pages"}],"about":[{"href":"http:\/\/freiheitsdenkmal-leipzig.de\/en\/wp-json\/wp\/v2\/types\/page"}],"author":[{"embeddable":true,"href":"http:\/\/freiheitsdenkmal-leipzig.de\/en\/wp-json\/wp\/v2\/users\/1"}],"replies":[{"embeddable":true,"href":"http:\/\/freiheitsdenkmal-leipzig.de\/en\/wp-json\/wp\/v2\/comments?post=595"}],"version-history":[{"count":65,"href":"http:\/\/freiheitsdenkmal-leipzig.de\/en\/wp-json\/wp\/v2\/pages\/595\/revisions"}],"predecessor-version":[{"id":1624,"href":"http:\/\/freiheitsdenkmal-leipzig.de\/en\/wp-json\/wp\/v2\/pages\/595\/revisions\/1624"}],"wp:attachment":[{"href":"http:\/\/freiheitsdenkmal-leipzig.de\/en\/wp-json\/wp\/v2\/media?parent=595"}],"curies":[{"name":"wp","href":"https:\/\/api.w.org\/{rel}","templated":true}]}}