{"id":26,"date":"2014-07-09T16:04:43","date_gmt":"2014-07-09T16:04:43","guid":{"rendered":"http:\/\/192.168.1.104\/restaurant\/?page_id=25"},"modified":"2025-02-07T09:18:27","modified_gmt":"2025-02-07T09:18:27","slug":"kontakt","status":"publish","type":"page","link":"https:\/\/freiheitsdenkmal-leipzig.de\/en\/kontakt","title":{"rendered":"Contact"},"content":{"rendered":"<style type=\"text\/css\" data-created_by=\"avia_inline_auto\" id=\"style-css-av-cqaxu-b5099e58d6b3dbb53fb27bba3f30f4d0\">\n.avia-section.av-cqaxu-b5099e58d6b3dbb53fb27bba3f30f4d0 .av-parallax .av-parallax-inner{\nbackground-repeat:no-repeat;\nbackground-image:url(https:\/\/freiheitsdenkmal-leipzig.de\/wp-content\/uploads\/2024\/08\/Foto-021-006-01711-1030x687-3.jpg);\nbackground-position:0% 0%;\nbackground-attachment:scroll;\n}\n<\/style>\n<div id='av_section_1'  class='avia-section av-cqaxu-b5099e58d6b3dbb53fb27bba3f30f4d0 main_color avia-section-default avia-no-border-styling  avia-builder-el-0  el_before_av_one_half  avia-builder-el-first  avia-full-stretch av-parallax-section avia-bg-style-parallax av-minimum-height av-minimum-height-50 av-height-50  container_wrap fullsize'  data-section-bg-repeat='stretch' data-av_minimum_height_pc='50' data-av_min_height_opt='50'><div class='av-parallax' data-avia-parallax-ratio='0.3' ><div class='av-parallax-inner main_color avia-full-stretch'><\/div><\/div><div class='container av-section-cont-open' ><main  role=\"main\" itemprop=\"mainContentOfPage\"  class='template-page content  av-content-full alpha units'><div class='post-entry post-entry-type-page post-entry-26'><div class='entry-content-wrapper clearfix'>\n\n<style type=\"text\/css\" data-created_by=\"avia_inline_auto\" id=\"style-css-av-lzjzngju-a59f3856fd854c6fd248f940efe0f8bd\">\n#top .hr.hr-invisible.av-lzjzngju-a59f3856fd854c6fd248f940efe0f8bd{\nmargin-top:-15px;\nheight:1px;\n}\n<\/style>\n<div  class='hr av-lzjzngju-a59f3856fd854c6fd248f940efe0f8bd hr-invisible  avia-builder-el-1  el_before_av_heading  avia-builder-el-first'><span class='hr-inner'><span class=\"hr-inner-style\"><\/span><\/span><\/div>\n\n<style type=\"text\/css\" data-created_by=\"avia_inline_auto\" id=\"style-css-av-jisuospi-d9db324794c5c07023c7cee64d71cf47\">\n#top .av-special-heading.av-jisuospi-d9db324794c5c07023c7cee64d71cf47{\npadding-bottom:0;\ncolor:#ffffff;\nfont-size:60px;\n}\nbody .av-special-heading.av-jisuospi-d9db324794c5c07023c7cee64d71cf47 .av-special-heading-tag .heading-char{\nfont-size:25px;\n}\n#top #wrap_all .av-special-heading.av-jisuospi-d9db324794c5c07023c7cee64d71cf47 .av-special-heading-tag{\nfont-size:60px;\n}\n.av-special-heading.av-jisuospi-d9db324794c5c07023c7cee64d71cf47 .special-heading-inner-border{\nborder-color:#ffffff;\n}\n.av-special-heading.av-jisuospi-d9db324794c5c07023c7cee64d71cf47 .av-subheading{\nfont-size:18px;\n}\n\n@media only screen and (min-width: 480px) and (max-width: 767px){ \n#top #wrap_all .av-special-heading.av-jisuospi-d9db324794c5c07023c7cee64d71cf47 .av-special-heading-tag{\nfont-size:0.8em;\n}\n}\n\n@media only screen and (max-width: 479px){ \n#top #wrap_all .av-special-heading.av-jisuospi-d9db324794c5c07023c7cee64d71cf47 .av-special-heading-tag{\nfont-size:0.8em;\n}\n}\n<\/style>\n<div  class='av-special-heading av-jisuospi-d9db324794c5c07023c7cee64d71cf47 av-special-heading-h1 custom-color-heading blockquote modern-quote  avia-builder-el-2  el_after_av_hr  avia-builder-el-last  av-thin-font av-inherit-size'><h1 class='av-special-heading-tag'  itemprop=\"headline\"  ><strong>Contact<\/strong><\/h1><div class=\"special-heading-border\"><div class=\"special-heading-inner-border\"><\/div><\/div><\/div>\n<\/div><\/div><\/main><!-- close content main element --><\/div><\/div><div id='after_section_1'  class='main_color av_default_container_wrap container_wrap fullsize'  ><div class='container av-section-cont-open' ><div class='template-page content  av-content-full alpha units'><div class='post-entry post-entry-type-page post-entry-26'><div class='entry-content-wrapper clearfix'>\n\n<style type=\"text\/css\" data-created_by=\"avia_inline_auto\" id=\"style-css-av-1bb3u-a7be782795bc872b4df132a3f59710d0\">\n.flex_column.av-1bb3u-a7be782795bc872b4df132a3f59710d0{\nborder-radius:0px 0px 0px 0px;\npadding:0px 0px 0px 0px;\n}\n<\/style>\n<div  class='flex_column av-1bb3u-a7be782795bc872b4df132a3f59710d0 av_one_half  avia-builder-el-3  el_after_av_section  el_before_av_one_half  avia-builder-el-first  first flex_column_div av-zero-column-padding'     ><p>\n<style type=\"text\/css\" data-created_by=\"avia_inline_auto\" id=\"style-css-av-13zam-3abaab940f6e78089b012ab42151f2be\">\n#top .av-special-heading.av-13zam-3abaab940f6e78089b012ab42151f2be{\npadding-bottom:10px;\n}\nbody .av-special-heading.av-13zam-3abaab940f6e78089b012ab42151f2be .av-special-heading-tag .heading-char{\nfont-size:25px;\n}\n.av-special-heading.av-13zam-3abaab940f6e78089b012ab42151f2be .av-subheading{\nfont-size:15px;\n}\n<\/style>\n<div  class='av-special-heading av-13zam-3abaab940f6e78089b012ab42151f2be av-special-heading-h1 blockquote modern-quote  avia-builder-el-4  el_before_av_textblock  avia-builder-el-first  av-thin-font'><h1 class='av-special-heading-tag'  itemprop=\"headline\"  ><strong>Contact<\/strong><\/h1><div class=\"special-heading-border\"><div class=\"special-heading-inner-border\"><\/div><\/div><\/div><br \/>\n<section  class='av_textblock_section av-lsd1l0rk-e23976453f575bf3ec94274b4e30c480'   itemscope=\"itemscope\" itemtype=\"https:\/\/schema.org\/CreativeWork\" ><div class='avia_textblock'  itemprop=\"text\" ><section class=\"av_textblock_section\">\n<div class=\"avia_textblock\">\n<div class=\"desc\">\n<p><strong>DenkmalWerkstatt <\/strong><br \/>\n<strong>by<\/strong> <strong>Foundation Peaceful Revolution<\/strong><br \/>\nHansahaus, Grimmaische Str 13-15<br \/>\n04109 Leipzig<\/p>\n<p><strong>Opening Hours:<\/strong><br \/>\nnach Vereinbarung per Mail oder Telefon<\/p>\n<p>Mail: <a href=\"mailto:denkmal@stiftung-fr.de\">denkmal@stiftung-fr.de<\/a><br \/>\nTelefon: 0341 22566004 \/ 0163 4881895<\/p>\n<p><strong>Contact<\/strong><br \/>\nGesine Oltmanns, Project Lead<br \/>\nAnnette Baumeister<br \/>\nRegine Taureck<\/p>\n<p><strong>Pressekontakt Freiheits- und Einheitsdenkmal<\/strong><br \/>\nSusanne Tenzler-Heusler, brandvorwerk-pr<br \/>\nTelefon: 0173 378 6601<br \/>\nMail:<a href=\"mailto:presse@stiftung-fr.de\" rel=\"noreferrer\"> presse@stiftung-fr.de<\/a><\/p>\n<p><strong>Foundation Peaceful Revolution<\/strong><br \/>\nNikolaikirchhof 3<br \/>\n04109 Leipzig<br \/>\nMail: <a href=\"mailto:info@stiftung-fr.de\">info@stiftung-fr.de<\/a><\/p>\n<\/div>\n<div class=\"desc\">Web: <a href=\"https:\/\/www.stiftung-fr.de\/\">www.stiftung-fr.de <\/a><\/div>\n<\/div>\n<\/section>\n<div><\/div>\n<section class=\"av_textblock_section\">\n<div class=\"avia_textblock\">Phone: +49341 9837860<\/div>\n<\/section>\n<\/div><\/section><\/p><\/div>\n<style type=\"text\/css\" data-created_by=\"avia_inline_auto\" id=\"style-css-av-3oaze-1c87b786264a7216eeb445d1b69cb7b4\">\n.flex_column.av-3oaze-1c87b786264a7216eeb445d1b69cb7b4{\nborder-radius:0px 0px 0px 0px;\npadding:0px 0px 0px 0px;\n}\n<\/style>\n<div  id=\"newsletter\"  class='flex_column av-3oaze-1c87b786264a7216eeb445d1b69cb7b4 av_one_half  avia-builder-el-6  el_after_av_one_half  avia-builder-el-last  flex_column_div av-zero-column-padding'     ><p>\n<style type=\"text\/css\" data-created_by=\"avia_inline_auto\" id=\"style-css-av-xzxu-be47e01a01470d1f843020c0002a3990\">\n#top .av-special-heading.av-xzxu-be47e01a01470d1f843020c0002a3990{\npadding-bottom:10px;\n}\nbody .av-special-heading.av-xzxu-be47e01a01470d1f843020c0002a3990 .av-special-heading-tag .heading-char{\nfont-size:25px;\n}\n.av-special-heading.av-xzxu-be47e01a01470d1f843020c0002a3990 .av-subheading{\nfont-size:15px;\n}\n<\/style>\n<div  class='av-special-heading av-xzxu-be47e01a01470d1f843020c0002a3990 av-special-heading-h1 blockquote modern-quote  avia-builder-el-7  el_before_av_textblock  avia-builder-el-first  av-thin-font'><h1 class='av-special-heading-tag'  itemprop=\"headline\"  ><strong>Newsletteranmeldung<\/strong><\/h1><div class=\"special-heading-border\"><div class=\"special-heading-inner-border\"><\/div><\/div><\/div><br \/>\n<section  class='av_textblock_section av-lrt394jf-8542d9ddfbf6d228e495004b4cce1366'   itemscope=\"itemscope\" itemtype=\"https:\/\/schema.org\/CreativeWork\" ><div class='avia_textblock'  itemprop=\"text\" ><p>Wenn Sie ca. einmal pro Monat \u00fcber unsere Termine, Veranstaltungen etc. informiert werden m\u00f6chten, tragen Sie sich gerne hier f\u00fcr unseren Newsletter ein.<\/p>\n<p>Unseren aktuellen Stiftungsnewsletter und das Newsletterarchiv finden Sie <a href=\"..\/newsletter\" target=\"_blank\" rel=\"noopener\"><strong>here<\/strong><\/a><\/p>\n<\/div><\/section><br \/>\n<form action=\"https:\/\/freiheitsdenkmal-leipzig.de\/en\/kontakt\/\" method=\"post\" data-fields-with-error=\"Found errors in the following field(s):\" class=\"avia_ajax_form av-form-labels-visible   avia-builder-el-9  el_after_av_textblock  el_before_av_heading\" data-avia-form-id=\"1\" data-avia-redirect='' data-trp-original-action=\"https:\/\/freiheitsdenkmal-leipzig.de\/en\/kontakt\" ><fieldset><p class='first_form  form_element form_fullwidth' id='element_avia_1_1'><label for=\"avia_1_1\">Vorname \/ Nachname <abbr class=\"required\" title=\"required\">*<\/abbr><\/label> <input name=\"avia_1_1\" class=\"text_input is_empty\" type=\"text\" id=\"avia_1_1\" value=\"\" \/><\/p><p class='first_form  form_element form_fullwidth av-last-visible-form-element' id='element_avia_2_1'><label for=\"avia_2_1\">E-Mail-Adresse <abbr class=\"required\" title=\"required\">*<\/abbr><\/label> <input name=\"avia_2_1\" class=\"text_input is_email\" type=\"text\" id=\"avia_2_1\" value=\"\" \/><\/p><p class=\"hidden\"><input type=\"text\" name=\"avia_3_1\" class=\"hidden\" id=\"avia_3_1\" value=\"\" \/><\/p><p class=\"form_element\"><input type=\"hidden\" value=\"1\" name=\"avia_generated_form1\" \/><input type=\"submit\" value=\"Submit\" class=\"button\"  data-sending-label=\"Sending\"\/><\/p><\/fieldset><input type=\"hidden\" name=\"trp-form-language\" value=\"en\"\/><\/form><div id=\"ajaxresponse_1\" class=\"ajaxresponse ajaxresponse_1 hidden\"><\/div><br \/>\n\n<style type=\"text\/css\" data-created_by=\"avia_inline_auto\" id=\"style-css-av-7nsvm-34b4a8f2f8f2f8f57daf0f99e1459e5e\">\n#top .av-special-heading.av-7nsvm-34b4a8f2f8f2f8f57daf0f99e1459e5e{\npadding-bottom:10px;\n}\nbody .av-special-heading.av-7nsvm-34b4a8f2f8f2f8f57daf0f99e1459e5e .av-special-heading-tag .heading-char{\nfont-size:25px;\n}\n.av-special-heading.av-7nsvm-34b4a8f2f8f2f8f57daf0f99e1459e5e .av-subheading{\nfont-size:15px;\n}\n<\/style>\n<div  class='av-special-heading av-7nsvm-34b4a8f2f8f2f8f57daf0f99e1459e5e av-special-heading-h1 blockquote modern-quote  avia-builder-el-10  el_after_av_contact  el_before_av_contact  av-thin-font'><h1 class='av-special-heading-tag'  itemprop=\"headline\"  ><strong>Write us!<\/strong><\/h1><div class=\"special-heading-border\"><div class=\"special-heading-inner-border\"><\/div><\/div><\/div><br \/>\n<form action=\"https:\/\/freiheitsdenkmal-leipzig.de\/en\/kontakt\/\" method=\"post\" data-fields-with-error=\"Found errors in the following field(s):\" class=\"avia_ajax_form av-form-labels-visible   avia-builder-el-11  el_after_av_heading  avia-builder-el-last\" data-avia-form-id=\"2\" data-avia-redirect='' data-trp-original-action=\"https:\/\/freiheitsdenkmal-leipzig.de\/en\/kontakt\" ><fieldset><p class='first_form  form_element form_fullwidth' id='element_avia_1_2'><label for=\"avia_1_2\">Name <abbr class=\"required\" title=\"required\">*<\/abbr><\/label> <input name=\"avia_1_2\" class=\"text_input is_empty\" type=\"text\" id=\"avia_1_2\" value=\"\" \/><\/p><p class='first_form  form_element form_fullwidth' id='element_avia_2_2'><label for=\"avia_2_2\">E-Mail <abbr class=\"required\" title=\"required\">*<\/abbr><\/label> <input name=\"avia_2_2\" class=\"text_input is_email\" type=\"text\" id=\"avia_2_2\" value=\"\" \/><\/p><p class='first_form  form_element form_fullwidth' id='element_avia_3_2'><label for=\"avia_3_2\">Subject <abbr class=\"required\" title=\"required\">*<\/abbr><\/label> <input name=\"avia_3_2\" class=\"text_input is_empty\" type=\"text\" id=\"avia_3_2\" value=\"\" \/><\/p><p class='first_form  form_element form_fullwidth av-last-visible-form-element' id='element_avia_4_2'><label for=\"avia_4_2\" class=\"textare_label hidden textare_label_avia_4_2\">Message <abbr class=\"required\" title=\"required\">*<\/abbr><\/label><textarea  name=\"avia_4_2\" class=\"text_area is_empty\" cols=\"40\" rows=\"7\" id=\"avia_4_2\" ><\/textarea><\/p><p class=\"hidden\"><input type=\"text\" name=\"avia_5_2\" class=\"hidden\" id=\"avia_5_2\" value=\"\" \/><\/p><p class=\"form_element\"><input type=\"hidden\" value=\"1\" name=\"avia_generated_form2\" \/><input type=\"submit\" value=\"Submit\" class=\"button\"  data-sending-label=\"Sending\"\/><\/p><\/fieldset><input type=\"hidden\" name=\"trp-form-language\" value=\"en\"\/><\/form><div id=\"ajaxresponse_2\" class=\"ajaxresponse ajaxresponse_2 hidden\"><\/div><\/p><\/div><\/p>","protected":false},"excerpt":{"rendered":"","protected":false},"author":1,"featured_media":0,"parent":0,"menu_order":0,"comment_status":"open","ping_status":"open","template":"","meta":{"footnotes":""},"class_list":["post-26","page","type-page","status-publish","hentry"],"_links":{"self":[{"href":"https:\/\/freiheitsdenkmal-leipzig.de\/en\/wp-json\/wp\/v2\/pages\/26"}],"collection":[{"href":"https:\/\/freiheitsdenkmal-leipzig.de\/en\/wp-json\/wp\/v2\/pages"}],"about":[{"href":"https:\/\/freiheitsdenkmal-leipzig.de\/en\/wp-json\/wp\/v2\/types\/page"}],"author":[{"embeddable":true,"href":"https:\/\/freiheitsdenkmal-leipzig.de\/en\/wp-json\/wp\/v2\/users\/1"}],"replies":[{"embeddable":true,"href":"https:\/\/freiheitsdenkmal-leipzig.de\/en\/wp-json\/wp\/v2\/comments?post=26"}],"version-history":[{"count":65,"href":"https:\/\/freiheitsdenkmal-leipzig.de\/en\/wp-json\/wp\/v2\/pages\/26\/revisions"}],"predecessor-version":[{"id":8845,"href":"https:\/\/freiheitsdenkmal-leipzig.de\/en\/wp-json\/wp\/v2\/pages\/26\/revisions\/8845"}],"wp:attachment":[{"href":"https:\/\/freiheitsdenkmal-leipzig.de\/en\/wp-json\/wp\/v2\/media?parent=26"}],"curies":[{"name":"wp","href":"https:\/\/api.w.org\/{rel}","templated":true}]}}