{"id":3757,"date":"2023-04-19T07:15:30","date_gmt":"2023-04-19T07:15:30","guid":{"rendered":"https:\/\/freiheitsdenkmal-leipzig.de\/?page_id=3757"},"modified":"2023-04-19T07:15:30","modified_gmt":"2023-04-19T07:15:30","slug":"gundermannrevier","status":"publish","type":"page","link":"https:\/\/freiheitsdenkmal-leipzig.de\/en\/gundermannrevier","title":{"rendered":"Gundermann Revier"},"content":{"rendered":"<div class='flex_column_table av-lgnctcqz-3938f9ddd74bb53d9b0068a4a20f95f1 sc-av_one_half av-equal-height-column-flextable'><div  class='flex_column av-lgnctcqz-3938f9ddd74bb53d9b0068a4a20f95f1 av_one_half  avia-builder-el-0  el_before_av_one_half  avia-builder-el-first  first flex_column_table_cell av-equal-height-column av-align-middle'     ><style type=\"text\/css\" data-created_by=\"avia_inline_auto\" id=\"style-css-av-lgncowa5-49f75821231aa2e5adfa61411be9008c\">\n.avia-image-container.av-lgncowa5-49f75821231aa2e5adfa61411be9008c img.avia_image{\nbox-shadow:none;\n}\n.avia-image-container.av-lgncowa5-49f75821231aa2e5adfa61411be9008c .av-image-caption-overlay-center{\ncolor:#ffffff;\n}\n<\/style>\n<div  class='avia-image-container av-lgncowa5-49f75821231aa2e5adfa61411be9008c av-styling- avia-align-center  avia-builder-el-1  avia-builder-el-no-sibling  av-has-copyright av-copyright-always'   itemprop=\"image\" itemscope=\"itemscope\" itemtype=\"https:\/\/schema.org\/ImageObject\" ><div class=\"avia-image-container-inner\"><div class=\"avia-image-overlay-wrap\"><img decoding=\"async\" fetchpriority=\"high\" class='wp-image-3758 avia-img-lazy-loading-not-3758 avia_image' src=\"https:\/\/freiheitsdenkmal-leipzig.de\/wp-content\/uploads\/2023\/04\/GUNDERMANN_REVIER_historisch_02-beschnittem-scaled.jpg\" alt='' title='GUNDERMANN_REVIER_historisch_02-beschnittem'  height=\"2007\" width=\"2560\"  itemprop=\"thumbnailUrl\" srcset=\"https:\/\/freiheitsdenkmal-leipzig.de\/wp-content\/uploads\/2023\/04\/GUNDERMANN_REVIER_historisch_02-beschnittem-scaled.jpg 2560w, https:\/\/freiheitsdenkmal-leipzig.de\/wp-content\/uploads\/2023\/04\/GUNDERMANN_REVIER_historisch_02-beschnittem-300x235.jpg 300w, https:\/\/freiheitsdenkmal-leipzig.de\/wp-content\/uploads\/2023\/04\/GUNDERMANN_REVIER_historisch_02-beschnittem-1030x808.jpg 1030w, https:\/\/freiheitsdenkmal-leipzig.de\/wp-content\/uploads\/2023\/04\/GUNDERMANN_REVIER_historisch_02-beschnittem-768x602.jpg 768w, https:\/\/freiheitsdenkmal-leipzig.de\/wp-content\/uploads\/2023\/04\/GUNDERMANN_REVIER_historisch_02-beschnittem-1536x1204.jpg 1536w, https:\/\/freiheitsdenkmal-leipzig.de\/wp-content\/uploads\/2023\/04\/GUNDERMANN_REVIER_historisch_02-beschnittem-2048x1606.jpg 2048w, https:\/\/freiheitsdenkmal-leipzig.de\/wp-content\/uploads\/2023\/04\/GUNDERMANN_REVIER_historisch_02-beschnittem-15x12.jpg 15w, https:\/\/freiheitsdenkmal-leipzig.de\/wp-content\/uploads\/2023\/04\/GUNDERMANN_REVIER_historisch_02-beschnittem-1500x1176.jpg 1500w, https:\/\/freiheitsdenkmal-leipzig.de\/wp-content\/uploads\/2023\/04\/GUNDERMANN_REVIER_historisch_02-beschnittem-705x553.jpg 705w\" sizes=\"(max-width: 2560px) 100vw, 2560px\" \/><\/div><small class=\"avia-copyright\">Gundermann Revier\u00a9Grit Lemke<\/small><\/div><\/div><\/div><div class='av-flex-placeholder'><\/div><div  class='flex_column av-av_one_half-d06667205e6186ec8414c6eb7605d406 av_one_half  avia-builder-el-2  el_after_av_one_half  avia-builder-el-last  flex_column_table_cell av-equal-height-column av-align-middle'     ><section  class='av_textblock_section av-lgncnfr2-0a308d4bfaa8a798389cc2801c57e09c'   itemscope=\"itemscope\" itemtype=\"https:\/\/schema.org\/CreativeWork\" ><div class='avia_textblock'  itemprop=\"text\" ><h4><strong>Gundermann Revier<\/strong><\/h4>\n<p>Gerhard Gundermann, baggerfahrerender Liedermacher, feierte mit seinen eigenwilligen Songs und Texten ab Mitte der 1980er Jahre in der DDR gro\u00dfe Erfolge. Auch nach 1989 blieben die Fans seiner spr\u00f6den Poesie treu und kamen neue in Westdeutschland hinzu &#8211; \u00fcber seinen fr\u00fchen Tod 1998 mit 43 Jahren hinaus.<\/p>\n<p>Regisseurin Grit Lemke ist mit Gundermann in der damaligen Braunkohle-\u201eBoom-City\u201c Hoyerswerda aufgewachsen.<\/p>\n<p>Auf den Spuren des Bagger-Poeten aus der Lausitz, der gelegentlich mit Bob Dylan oder Bruce Springsteen verglichen wird, wechselt Lemke zwischen Archivaufnahmen und Interviews mit ehemaligen Weggef\u00e4hrt:innen.<\/p>\n<p>Der Film zeigt einen Ausnahmecharakter voller Br\u00fcche und Widerspr\u00fcchlichkeiten von den einzigartigen Songtexten bis hin zu Gundermanns Anfang der 1990er Jahre bekannt gewordener Rolle als Stasi-IM.<\/p>\n<p>Regie: Grit Lemke, 2019, 84 Min (FSK 0)<\/p>\n<\/div><\/section><\/div><\/div><!--close column table wrapper. Autoclose: 1 --><\/p>","protected":false},"excerpt":{"rendered":"","protected":false},"author":1,"featured_media":0,"parent":0,"menu_order":0,"comment_status":"closed","ping_status":"closed","template":"","meta":{"footnotes":""},"class_list":["post-3757","page","type-page","status-publish","hentry"],"_links":{"self":[{"href":"https:\/\/freiheitsdenkmal-leipzig.de\/en\/wp-json\/wp\/v2\/pages\/3757"}],"collection":[{"href":"https:\/\/freiheitsdenkmal-leipzig.de\/en\/wp-json\/wp\/v2\/pages"}],"about":[{"href":"https:\/\/freiheitsdenkmal-leipzig.de\/en\/wp-json\/wp\/v2\/types\/page"}],"author":[{"embeddable":true,"href":"https:\/\/freiheitsdenkmal-leipzig.de\/en\/wp-json\/wp\/v2\/users\/1"}],"replies":[{"embeddable":true,"href":"https:\/\/freiheitsdenkmal-leipzig.de\/en\/wp-json\/wp\/v2\/comments?post=3757"}],"version-history":[{"count":5,"href":"https:\/\/freiheitsdenkmal-leipzig.de\/en\/wp-json\/wp\/v2\/pages\/3757\/revisions"}],"predecessor-version":[{"id":6202,"href":"https:\/\/freiheitsdenkmal-leipzig.de\/en\/wp-json\/wp\/v2\/pages\/3757\/revisions\/6202"}],"wp:attachment":[{"href":"https:\/\/freiheitsdenkmal-leipzig.de\/en\/wp-json\/wp\/v2\/media?parent=3757"}],"curies":[{"name":"wp","href":"https:\/\/api.w.org\/{rel}","templated":true}]}}