{"id":4728,"date":"2023-09-29T11:00:28","date_gmt":"2023-09-29T11:00:28","guid":{"rendered":"https:\/\/freiheitsdenkmal-leipzig.de\/?page_id=4728"},"modified":"2025-12-08T09:35:58","modified_gmt":"2025-12-08T09:35:58","slug":"podcast","status":"publish","type":"page","link":"https:\/\/freiheitsdenkmal-leipzig.de\/en\/podcast","title":{"rendered":"Podcast"},"content":{"rendered":"<style type=\"text\/css\" data-created_by=\"avia_inline_auto\" id=\"style-css-av-384wwo-b2039e7c603185902dadf146db3482cb\">\n.flex_column.av-384wwo-b2039e7c603185902dadf146db3482cb{\npadding:0 20px 0 20px;\n}\n<\/style>\n<div  class='flex_column av-384wwo-b2039e7c603185902dadf146db3482cb av_one_full  avia-builder-el-0  el_before_av_one_full  avia-builder-el-first  first no_margin flex_column_div'     ><style type=\"text\/css\" data-created_by=\"avia_inline_auto\" id=\"style-css-av-ln4hnmc4-232f2f448f44b22aaef263ee27bb5be8\">\n#top .av-special-heading.av-ln4hnmc4-232f2f448f44b22aaef263ee27bb5be8{\npadding-bottom:0;\nfont-size:50px;\n}\nbody .av-special-heading.av-ln4hnmc4-232f2f448f44b22aaef263ee27bb5be8 .av-special-heading-tag .heading-char{\nfont-size:25px;\n}\n#top #wrap_all .av-special-heading.av-ln4hnmc4-232f2f448f44b22aaef263ee27bb5be8 .av-special-heading-tag{\nfont-size:50px;\n}\n.av-special-heading.av-ln4hnmc4-232f2f448f44b22aaef263ee27bb5be8 .av-subheading{\nfont-size:15px;\n}\n\n@media only screen and (min-width: 480px) and (max-width: 767px){ \n#top #wrap_all .av-special-heading.av-ln4hnmc4-232f2f448f44b22aaef263ee27bb5be8 .av-special-heading-tag{\nfont-size:0.8em;\n}\n}\n\n@media only screen and (max-width: 479px){ \n#top #wrap_all .av-special-heading.av-ln4hnmc4-232f2f448f44b22aaef263ee27bb5be8 .av-special-heading-tag{\nfont-size:0.8em;\n}\n}\n<\/style>\n<div  class='av-special-heading av-ln4hnmc4-232f2f448f44b22aaef263ee27bb5be8 av-special-heading-h1 blockquote modern-quote  avia-builder-el-1  avia-builder-el-no-sibling  av-thin-font av-inherit-size'><h1 class='av-special-heading-tag'  itemprop=\"headline\"  ><strong>Podcast<\/strong><\/h1><div class=\"special-heading-border\"><div class=\"special-heading-inner-border\"><\/div><\/div><\/div><\/div>\n\n<style type=\"text\/css\" data-created_by=\"avia_inline_auto\" id=\"style-css-av-36h44o-ff989042c504ff218fba0be0c0269805\">\n.flex_column.av-36h44o-ff989042c504ff218fba0be0c0269805{\npadding:0 60px 0 20px;\n}\n<\/style>\n<div  class='flex_column av-36h44o-ff989042c504ff218fba0be0c0269805 av_one_full  avia-builder-el-2  el_after_av_one_full  el_before_av_one_full  first flex_column_div  column-top-margin'     ><section  class='av_textblock_section av-3a6fig-5801e94bb4af79640e5a0a1c83a73195'   itemscope=\"itemscope\" itemtype=\"https:\/\/schema.org\/CreativeWork\" ><div class='avia_textblock'  itemprop=\"text\" ><h3>Wir sind das Volk &#8211; Der <strong><em>LIVE<\/em>&#8211;<\/strong>Podcast \u00fcber die Friedliche Revolution &#8217;89<\/h3>\n<p>Herzlich willkommen zur zweiten Staffel von \u201eWir sind das Volk\u201c!<br \/>\nVom 15 Mai bis 7. Oktober 2025 waren wir als Live-Podcasts auf einer spannenden Reise kreuz und quer durch Ostdeutschland unterwegs &#8211; mit interessanten Gespr\u00e4chspartner:innen aus den jeweiligen Regionen und vielen interessierten Menschen im Publikum.<\/p>\n<p>Die Aufzeichnungen der Live-Podcasts finden Sie wie immer hier oder auf <strong><a href=\"https:\/\/wir-sind-das-volk.podigee.io\/episodes\" target=\"_blank\" rel=\"noopener\">podigee.io<\/a><\/strong>.<\/p>\n<p>Und: In den 15 Folgen der ersten Staffel haben die Podcast-Macher Bj\u00f6rn Menzel und Pierre Gehmlich mit uns auf die Zeit der Friedlichen Revolution geschaut. In der neuen Staffel blicken wir nun auf die Jahre danach. Denn das Ende der DDR und die Wiedervereinigung waren f\u00fcr viele Menschen ein Einschnitt. Ihr Leben \u00e4nderte sich radikal. In Deutschland wurde aus \u201eWir sind das Volk\u201c &#8211; \u201eWir sind ein Volk\u201c.<br \/>\nDoch war das wirklich so? Wie haben die Ostdeutschen die Wiedervereinigung erlebt? Welche Auswirkungen hatte diese Zeit f\u00fcr sie, f\u00fcr ihre Kinder? Wie pr\u00e4gen diese Erfahrungen bis heute? Und warum m\u00fcssen wir jetzt (noch) dar\u00fcber reden?<\/p>\n<p>Viel Spa\u00df beim H\u00f6ren!<\/p>\n<\/div><\/section><\/div>\n\n<style type=\"text\/css\" data-created_by=\"avia_inline_auto\" id=\"style-css-av-76gdco-cbc1b39ca9c38d46998c94d3449fad48\">\n.flex_column.av-76gdco-cbc1b39ca9c38d46998c94d3449fad48{\npadding:0 30px 0 20px;\n}\n<\/style>\n<div  class='flex_column av-76gdco-cbc1b39ca9c38d46998c94d3449fad48 av_one_full  avia-builder-el-4  el_after_av_one_full  el_before_av_one_full  first flex_column_div  column-top-margin'     ><p><br \/>\n<section  class='av_textblock_section av-3k50go-52b7fab8f2076cd37f0d631b41e73750'   itemscope=\"itemscope\" itemtype=\"https:\/\/schema.org\/CreativeWork\" ><div class='avia_textblock'  itemprop=\"text\" ><h6>Credit: Bj\u00f6rn Menzel<\/h6>\n<\/div><\/section><br \/>\n<section  class='av_textblock_section av-8yw0o-6441fea2d1354c19d911a2d14f9d07f2'   itemscope=\"itemscope\" itemtype=\"https:\/\/schema.org\/CreativeWork\" ><div class='avia_textblock'  itemprop=\"text\" ><p>Dies ist ein Podcast der Stiftung Friedliche Revolution Leipzig &#8211; er wird von den Journalisten Bj\u00f6rn Menzel und Pierre Gehmlich produziert. Die Stiftung betreut im Auftrag der Stadt Leipzig das Projekt rund um die Errichtung eines Freiheits- und Einheitsdenkmals in Leipzig. Es wird gemeinsam gef\u00f6rdert durch die Bundesbeauftragte f\u00fcr Kultur und Medien, den Freistaat Sachsen und die Stadt Leipzig.<\/p>\n<\/div><\/section><\/p><\/div>\n<style type=\"text\/css\" data-created_by=\"avia_inline_auto\" id=\"style-css-av-lur10t9f-5cafb1dfeb2994536a9803baf9cfa638\">\n.flex_column.av-lur10t9f-5cafb1dfeb2994536a9803baf9cfa638{\npadding:0 30px 0 20px;\n}\n<\/style>\n<div  class='flex_column av-lur10t9f-5cafb1dfeb2994536a9803baf9cfa638 av_one_full  avia-builder-el-8  el_after_av_one_full  el_before_av_one_full  first flex_column_div  column-top-margin'     ><p><div  class='hr av-242fw8-7b6dc0f2b30e8f92fb55b3621fc0623c hr-default  avia-builder-el-9  el_before_av_textblock  avia-builder-el-first'><span class='hr-inner'><span class=\"hr-inner-style\"><\/span><\/span><\/div><br \/>\n<section  class='av_textblock_section av-ls4feplx-9cd251452a71c06ab417e45719ea4b9c'   itemscope=\"itemscope\" itemtype=\"https:\/\/schema.org\/CreativeWork\" ><div class='avia_textblock'  itemprop=\"text\" ><h3>2. Staffel weitere Folgen:<\/h3>\n<\/div><\/section><\/p><\/div>\n<style type=\"text\/css\" data-created_by=\"avia_inline_auto\" id=\"style-css-av-5jqdyg-3d0f082f280084a45063ea732d45be39\">\n.flex_column.av-5jqdyg-3d0f082f280084a45063ea732d45be39{\npadding:0 30px 0 20px;\n}\n<\/style>\n<div  class='flex_column av-5jqdyg-3d0f082f280084a45063ea732d45be39 av_one_full  avia-builder-el-11  el_after_av_one_full  el_before_av_one_full  first flex_column_div  column-top-margin'     ><p><br \/>\n<section  class='av_textblock_section av-24yt0o-afef81ee2bf654f474bdf24d82763303'   itemscope=\"itemscope\" itemtype=\"https:\/\/schema.org\/CreativeWork\" ><div class='avia_textblock'  itemprop=\"text\" ><h6>Credit: Bj\u00f6rn Menzel<\/h6>\n<\/div><\/section><\/p><\/div>\n<style type=\"text\/css\" data-created_by=\"avia_inline_auto\" id=\"style-css-av-av_one_full-e9325728f95559dec178f30810092661\">\n.flex_column.av-av_one_full-e9325728f95559dec178f30810092661{\npadding:0 30px 0 20px;\n}\n<\/style>\n<div  class='flex_column av-av_one_full-e9325728f95559dec178f30810092661 av_one_full  avia-builder-el-14  el_after_av_one_full  el_before_av_one_full  first flex_column_div  column-top-margin'     ><p><br \/>\n<section  class='av_textblock_section av-av_textblock-92ab5b4c5448b40ef3b82fb3d397e98e'   itemscope=\"itemscope\" itemtype=\"https:\/\/schema.org\/CreativeWork\" ><div class='avia_textblock'  itemprop=\"text\" ><h6>Credit: Bj\u00f6rn Menzel<\/h6>\n<\/div><\/section><\/p><\/div>\n<style type=\"text\/css\" data-created_by=\"avia_inline_auto\" id=\"style-css-av-5yd808-3701ce4b8b228372491c358eeda2e9bc\">\n.flex_column.av-5yd808-3701ce4b8b228372491c358eeda2e9bc{\npadding:0 30px 0 20px;\n}\n<\/style>\n<div  class='flex_column av-5yd808-3701ce4b8b228372491c358eeda2e9bc av_one_full  avia-builder-el-17  el_after_av_one_full  el_before_av_one_full  first flex_column_div  column-top-margin'     ><p><br \/>\n<section  class='av_textblock_section av-36j1ko-24751d2373acb50f675a0b8531f23237'   itemscope=\"itemscope\" itemtype=\"https:\/\/schema.org\/CreativeWork\" ><div class='avia_textblock'  itemprop=\"text\" ><h6>Credit: Bj\u00f6rn Menzel<\/h6>\n<\/div><\/section><\/p><\/div><\/p>\n\n<style type=\"text\/css\" data-created_by=\"avia_inline_auto\" id=\"style-css-av-5ev288-60d913600f5e27cdef25058d0bbe9246\">\n.flex_column.av-5ev288-60d913600f5e27cdef25058d0bbe9246{\npadding:0 30px 0 20px;\n}\n<\/style>\n<div  class='flex_column av-5ev288-60d913600f5e27cdef25058d0bbe9246 av_one_full  avia-builder-el-20  el_after_av_one_full  el_before_av_one_full  first flex_column_div  column-top-margin'     ><p><br \/>\n<section  class='av_textblock_section av-2nc8qw-824b5c4ab3b19d9abc6b466b42f4cda2'   itemscope=\"itemscope\" itemtype=\"https:\/\/schema.org\/CreativeWork\" ><div class='avia_textblock'  itemprop=\"text\" ><h6>Credit: Bj\u00f6rn Menzel<\/h6>\n<\/div><\/section><\/p><\/div>\n\n<style type=\"text\/css\" data-created_by=\"avia_inline_auto\" id=\"style-css-av-5qtvhk-f933df4991ad00c88d51bfb1e3fa6f04\">\n.flex_column.av-5qtvhk-f933df4991ad00c88d51bfb1e3fa6f04{\npadding:0 30px 0 20px;\n}\n<\/style>\n<div  class='flex_column av-5qtvhk-f933df4991ad00c88d51bfb1e3fa6f04 av_one_full  avia-builder-el-23  el_after_av_one_full  el_before_av_one_full  first flex_column_div  column-top-margin'     ><p><br \/>\n<section  class='av_textblock_section av-239i88-0533a1f8fcdc3050844275cb9a0a6001'   itemscope=\"itemscope\" itemtype=\"https:\/\/schema.org\/CreativeWork\" ><div class='avia_textblock'  itemprop=\"text\" ><h6>Credit: Bj\u00f6rn Menzel<\/h6>\n<\/div><\/section><\/p><\/div>\n\n<style type=\"text\/css\" data-created_by=\"avia_inline_auto\" id=\"style-css-av-65zcu0-6799b86405ccb2a7d0e062690a00b292\">\n.flex_column.av-65zcu0-6799b86405ccb2a7d0e062690a00b292{\npadding:0 30px 0 20px;\n}\n<\/style>\n<div  class='flex_column av-65zcu0-6799b86405ccb2a7d0e062690a00b292 av_one_full  avia-builder-el-26  el_after_av_one_full  el_before_av_one_full  first flex_column_div  column-top-margin'     ><p><br \/>\n<section  class='av_textblock_section av-33k39k-8d8b10b6c0fa1857e3b960b72bf113ae'   itemscope=\"itemscope\" itemtype=\"https:\/\/schema.org\/CreativeWork\" ><div class='avia_textblock'  itemprop=\"text\" ><h6>Credit: Bj\u00f6rn Menzel<\/h6>\n<\/div><\/section><\/p><\/div>\n\n<style type=\"text\/css\" data-created_by=\"avia_inline_auto\" id=\"style-css-av-rlbtk-a6331d764e78d175d3dfa649c6e47a7a\">\n.flex_column.av-rlbtk-a6331d764e78d175d3dfa649c6e47a7a{\npadding:0 30px 0 20px;\n}\n<\/style>\n<div  class='flex_column av-rlbtk-a6331d764e78d175d3dfa649c6e47a7a av_one_full  avia-builder-el-29  el_after_av_one_full  el_before_av_one_full  first flex_column_div  column-top-margin'     ><p><br \/>\n<section  class='av_textblock_section av-43ktd4-605fe7301e92aeb80da438dd9e592b08'   itemscope=\"itemscope\" itemtype=\"https:\/\/schema.org\/CreativeWork\" ><div class='avia_textblock'  itemprop=\"text\" ><h6>Credit: Johanna Wittig<\/h6>\n<\/div><\/section><\/p><\/div>\n\n<style type=\"text\/css\" data-created_by=\"avia_inline_auto\" id=\"style-css-av-rt9bc-62a3b5768bff86389bf10fe176b96010\">\n.flex_column.av-rt9bc-62a3b5768bff86389bf10fe176b96010{\npadding:0 30px 0 20px;\n}\n<\/style>\n<div  class='flex_column av-rt9bc-62a3b5768bff86389bf10fe176b96010 av_one_full  avia-builder-el-32  el_after_av_one_full  el_before_av_one_full  first flex_column_div  column-top-margin'     ><p><br \/>\n<section  class='av_textblock_section av-2enqqw-8191b2daecfdf30f6b13122fc71e09a8'   itemscope=\"itemscope\" itemtype=\"https:\/\/schema.org\/CreativeWork\" ><div class='avia_textblock'  itemprop=\"text\" ><h6>Credit: Johanna Wittig<\/h6>\n<\/div><\/section><\/p><\/div>\n\n<style type=\"text\/css\" data-created_by=\"avia_inline_auto\" id=\"style-css-av-3nc3zc-a6848fe06f9232399a64a9abca93aac5\">\n.flex_column.av-3nc3zc-a6848fe06f9232399a64a9abca93aac5{\npadding:0 30px 0 20px;\n}\n<\/style>\n<div  class='flex_column av-3nc3zc-a6848fe06f9232399a64a9abca93aac5 av_one_full  avia-builder-el-35  el_after_av_one_full  el_before_av_one_full  first flex_column_div  column-top-margin'     ><p><br \/>\n<section  class='av_textblock_section av-afm60-23ead0802e5de09a736332562c0de2d9'   itemscope=\"itemscope\" itemtype=\"https:\/\/schema.org\/CreativeWork\" ><div class='avia_textblock'  itemprop=\"text\" ><h6>Credit: Bj\u00f6rn Menzel<\/h6>\n<\/div><\/section><\/p><\/div>\n\n<style type=\"text\/css\" data-created_by=\"avia_inline_auto\" id=\"style-css-av-5eyx48-fa84a195eee421c4c959a6366b4f920f\">\n.flex_column.av-5eyx48-fa84a195eee421c4c959a6366b4f920f{\npadding:0 30px 0 20px;\n}\n<\/style>\n<div  class='flex_column av-5eyx48-fa84a195eee421c4c959a6366b4f920f av_one_full  avia-builder-el-38  el_after_av_one_full  el_before_av_hr  first flex_column_div  column-top-margin'     ><p><br \/>\n<section  class='av_textblock_section av-290jxk-c4c247781f3f0da0885281536259f787'   itemscope=\"itemscope\" itemtype=\"https:\/\/schema.org\/CreativeWork\" ><div class='avia_textblock'  itemprop=\"text\" ><h6>Credit: Bj\u00f6rn Menzel<\/h6>\n<\/div><\/section><\/p><\/div>\n<div  class='hr av-29bp60-a493e282051c97efa9c96e5d301bc3dc hr-default  avia-builder-el-41  el_after_av_one_full  el_before_av_one_full'><span class='hr-inner'><span class=\"hr-inner-style\"><\/span><\/span><\/div>\n\n<style type=\"text\/css\" data-created_by=\"avia_inline_auto\" id=\"style-css-av-9qrezc-bcee5fafbb757e1415b12a5befdace26\">\n.flex_column.av-9qrezc-bcee5fafbb757e1415b12a5befdace26{\npadding:0 30px 0 20px;\n}\n<\/style>\n<div  class='flex_column av-9qrezc-bcee5fafbb757e1415b12a5befdace26 av_one_full  avia-builder-el-42  el_after_av_hr  el_before_av_one_full  first flex_column_div'     ><section  class='av_textblock_section av-87ygqw-bc6c9e6f857b5716fc14c52ef1a7ac49'   itemscope=\"itemscope\" itemtype=\"https:\/\/schema.org\/CreativeWork\" ><div class='avia_textblock'  itemprop=\"text\" ><h3>Wir sind das Volk \u2013 Der Podcast \u00fcber die Friedliche Revolution \u201989, 1. Staffel (Oktober &#8217;23 &#8211; Dezember &#8217;24):<\/h3>\n<p>Bj\u00f6rn Menzel und Pierre Gehmlich haben mit Menschen gesprochen, die dabei waren, die mit ihrem Mut ein ganzes Land, ein ganzes System gekippt haben. Viele k\u00f6nnen sich noch erinnern an Montagsdemos, Mauerfall, Wiedervereinigung. Und trotzdem ist es im R\u00fcckblick ein magisches Ereignis: Wie konnte es dazu kommen, dass es die DDR nicht mehr gibt \u2013 daf\u00fcr aber Freiheit und Demokratie? Wer waren die Menschen, die damals genau daf\u00fcr gek\u00e4mpft haben? Und was waren ihre Gr\u00fcnde daf\u00fcr? Genau das haben wir in 15 Folgen sehr pers\u00f6nlichen Gespr\u00e4chen und Geschichten geh\u00f6rt.<br \/>\nDer 15-teilige Podcast ist am 9. Oktober 2023 gestartet. Immer am 9. jedes Monats wurde eine neue Folge ver\u00f6ffentlicht.<\/p>\n<\/div><\/section><\/div>\n\n<style type=\"text\/css\" data-created_by=\"avia_inline_auto\" id=\"style-css-av-6f6aew-d7e04f2a70bd370c3aac7a6da8d49006\">\n.flex_column.av-6f6aew-d7e04f2a70bd370c3aac7a6da8d49006{\npadding:0 30px 0 20px;\n}\n<\/style>\n<div  class='flex_column av-6f6aew-d7e04f2a70bd370c3aac7a6da8d49006 av_one_full  avia-builder-el-44  el_after_av_one_full  el_before_av_one_full  first flex_column_div  column-top-margin'     ><p><br \/>\n<section  class='av_textblock_section av-34o660-3ff5b29889c03161b411877cc58cfca7'   itemscope=\"itemscope\" itemtype=\"https:\/\/schema.org\/CreativeWork\" ><div class='avia_textblock'  itemprop=\"text\" ><h6>Credit: Bj\u00f6rn Menzel<\/h6>\n<\/div><\/section><\/p><\/div>\n\n<style type=\"text\/css\" data-created_by=\"avia_inline_auto\" id=\"style-css-av-57e2l4-e4484f38c5753214b28fc5f9b05a96e9\">\n.flex_column.av-57e2l4-e4484f38c5753214b28fc5f9b05a96e9{\npadding:0 30px 0 20px;\n}\n<\/style>\n<div  class='flex_column av-57e2l4-e4484f38c5753214b28fc5f9b05a96e9 av_one_full  avia-builder-el-47  el_after_av_one_full  el_before_av_one_full  first flex_column_div  column-top-margin'     ><p><br \/>\n<section  class='av_textblock_section av-35j1a0-c998c3a88989b527a1eb39490ad88288'   itemscope=\"itemscope\" itemtype=\"https:\/\/schema.org\/CreativeWork\" ><div class='avia_textblock'  itemprop=\"text\" ><h6>Credit: Bj\u00f6rn Menzel<\/h6>\n<\/div><\/section><\/p><\/div>\n\n<style type=\"text\/css\" data-created_by=\"avia_inline_auto\" id=\"style-css-av-6f75a0-4218161551ee90707122f2cb9846ebd3\">\n.flex_column.av-6f75a0-4218161551ee90707122f2cb9846ebd3{\npadding:0 30px 0 20px;\n}\n<\/style>\n<div  class='flex_column av-6f75a0-4218161551ee90707122f2cb9846ebd3 av_one_full  avia-builder-el-50  el_after_av_one_full  el_before_av_one_full  first flex_column_div  column-top-margin'     ><p><br \/>\n<section  class='av_textblock_section av-2ccsmw-6f6602d1cc96966ea4e699ddf2b5a32a'   itemscope=\"itemscope\" itemtype=\"https:\/\/schema.org\/CreativeWork\" ><div class='avia_textblock'  itemprop=\"text\" ><h6>Credit: Bj\u00f6rn Menzel<\/h6>\n<\/div><\/section><\/p><\/div>\n\n<style type=\"text\/css\" data-created_by=\"avia_inline_auto\" id=\"style-css-av-6048iw-60403ab41a3682af54f1b975c324dc9c\">\n.flex_column.av-6048iw-60403ab41a3682af54f1b975c324dc9c{\npadding:0 30px 0 20px;\n}\n<\/style>\n<div  class='flex_column av-6048iw-60403ab41a3682af54f1b975c324dc9c av_one_full  avia-builder-el-53  el_after_av_one_full  el_before_av_one_full  first flex_column_div  column-top-margin'     ><p><br \/>\n<section  class='av_textblock_section av-2x93yw-77540c2ec1b28100fb79a91cda02f842'   itemscope=\"itemscope\" itemtype=\"https:\/\/schema.org\/CreativeWork\" ><div class='avia_textblock'  itemprop=\"text\" ><h6>Credit: Bj\u00f6rn Menzel<\/h6>\n<\/div><\/section><\/p><\/div>\n\n<style type=\"text\/css\" data-created_by=\"avia_inline_auto\" id=\"style-css-av-5slqvc-2d73e98165319cebd6e803127db12cab\">\n.flex_column.av-5slqvc-2d73e98165319cebd6e803127db12cab{\npadding:0 30px 0 20px;\n}\n<\/style>\n<div  class='flex_column av-5slqvc-2d73e98165319cebd6e803127db12cab av_one_full  avia-builder-el-56  el_after_av_one_full  el_before_av_one_full  first flex_column_div  column-top-margin'     ><p><br \/>\n<section  class='av_textblock_section av-232v14-00845be666c7e63daec40ad89f3c4be5'   itemscope=\"itemscope\" itemtype=\"https:\/\/schema.org\/CreativeWork\" ><div class='avia_textblock'  itemprop=\"text\" ><h6>Credit: Pierre Gehmlich<\/h6>\n<\/div><\/section><\/p><\/div>\n\n<style type=\"text\/css\" data-created_by=\"avia_inline_auto\" id=\"style-css-av-6a4j7c-23bc246fd288c7b3adbfda4994cdfae0\">\n.flex_column.av-6a4j7c-23bc246fd288c7b3adbfda4994cdfae0{\npadding:0 30px 0 20px;\n}\n<\/style>\n<div  class='flex_column av-6a4j7c-23bc246fd288c7b3adbfda4994cdfae0 av_one_full  avia-builder-el-59  el_after_av_one_full  el_before_av_one_full  first flex_column_div  column-top-margin'     ><p><br \/>\n<section  class='av_textblock_section av-2e1ga0-ac5ae37072805fce8af789a0bc97429d'   itemscope=\"itemscope\" itemtype=\"https:\/\/schema.org\/CreativeWork\" ><div class='avia_textblock'  itemprop=\"text\" ><h6>Credit: Archiv Zeit-Geschichte(n) e.V.<\/h6>\n<\/div><\/section><\/p><\/div>\n\n<style type=\"text\/css\" data-created_by=\"avia_inline_auto\" id=\"style-css-av-6c0owo-afcaf088d49b9a082e0763f7c31ba11c\">\n.flex_column.av-6c0owo-afcaf088d49b9a082e0763f7c31ba11c{\npadding:0 30px 0 20px;\n}\n<\/style>\n<div  class='flex_column av-6c0owo-afcaf088d49b9a082e0763f7c31ba11c av_one_full  avia-builder-el-62  el_after_av_one_full  el_before_av_one_full  first flex_column_div  column-top-margin'     ><p><br \/>\n<section  class='av_textblock_section av-2h2rgo-55e385bbcabb7a0a01dea445c6a3becf'   itemscope=\"itemscope\" itemtype=\"https:\/\/schema.org\/CreativeWork\" ><div class='avia_textblock'  itemprop=\"text\" ><h6>Credit: Martin Montag<\/h6>\n<\/div><\/section><\/p><\/div>\n\n<style type=\"text\/css\" data-created_by=\"avia_inline_auto\" id=\"style-css-av-5zty5k-6a600f2dc9b2467bb61e8a2cc5fef947\">\n.flex_column.av-5zty5k-6a600f2dc9b2467bb61e8a2cc5fef947{\npadding:0 30px 0 20px;\n}\n<\/style>\n<div  class='flex_column av-5zty5k-6a600f2dc9b2467bb61e8a2cc5fef947 av_one_full  avia-builder-el-65  el_after_av_one_full  el_before_av_one_full  first flex_column_div  column-top-margin'     ><p><br \/>\n<section  class='av_textblock_section av-3470vs-83cb2852654a6be19101b5af17d6bdbc'   itemscope=\"itemscope\" itemtype=\"https:\/\/schema.org\/CreativeWork\" ><div class='avia_textblock'  itemprop=\"text\" ><h6>Credit: AdsDFES 6FOTA007613\/Friedrich-Ebert-St<wbr \/>iftung<\/h6>\n<\/div><\/section><\/p><\/div>\n\n<style type=\"text\/css\" data-created_by=\"avia_inline_auto\" id=\"style-css-av-lla1k-a89dabc7872b8f4592a8e627937a950b\">\n.flex_column.av-lla1k-a89dabc7872b8f4592a8e627937a950b{\npadding:0 30px 0 20px;\n}\n<\/style>\n<div  class='flex_column av-lla1k-a89dabc7872b8f4592a8e627937a950b av_one_full  avia-builder-el-68  el_after_av_one_full  el_before_av_one_full  first flex_column_div  column-top-margin'     ><p><br \/>\n<section  class='av_textblock_section av-2u586w-fa36a83777604742c49444036facfe8d'   itemscope=\"itemscope\" itemtype=\"https:\/\/schema.org\/CreativeWork\" ><div class='avia_textblock'  itemprop=\"text\" ><h6>Credit: Stadtarchiv Plauen, Foto: Ingrid Friedrich, Plauen<\/h6>\n<\/div><\/section><\/p><\/div>\n\n<style type=\"text\/css\" data-created_by=\"avia_inline_auto\" id=\"style-css-av-5poxq0-b7a654b2bb7182eb1bdda59706f110ca\">\n.flex_column.av-5poxq0-b7a654b2bb7182eb1bdda59706f110ca{\npadding:0 30px 0 20px;\n}\n<\/style>\n<div  class='flex_column av-5poxq0-b7a654b2bb7182eb1bdda59706f110ca av_one_full  avia-builder-el-71  el_after_av_one_full  el_before_av_one_full  first flex_column_div  column-top-margin'     ><p><br \/>\n<section  class='av_textblock_section av-38dwzc-fe8ad5f73e44f5ff68c0803f1926421a'   itemscope=\"itemscope\" itemtype=\"https:\/\/schema.org\/CreativeWork\" ><div class='avia_textblock'  itemprop=\"text\" ><h6>Credit: ABL\/Bernd Heinze<\/h6>\n<\/div><\/section><\/p><\/div>\n\n<style type=\"text\/css\" data-created_by=\"avia_inline_auto\" id=\"style-css-av-4ep6y0-478686f3be97ce3dc2d3f80617a6947e\">\n.flex_column.av-4ep6y0-478686f3be97ce3dc2d3f80617a6947e{\npadding:0 30px 0 20px;\n}\n<\/style>\n<div  class='flex_column av-4ep6y0-478686f3be97ce3dc2d3f80617a6947e av_one_full  avia-builder-el-74  el_after_av_one_full  el_before_av_one_full  first flex_column_div  column-top-margin'     ><p><br \/>\n<section  class='av_textblock_section av-24nvi0-442afa379324857b4747aa0ecb5704a2'   itemscope=\"itemscope\" itemtype=\"https:\/\/schema.org\/CreativeWork\" ><div class='avia_textblock'  itemprop=\"text\" ><h6>Credit: Hans-J\u00fcrgen R\u00f6der<\/h6>\n<\/div><\/section><\/p><\/div>\n\n<style type=\"text\/css\" data-created_by=\"avia_inline_auto\" id=\"style-css-av-81l4ko-31648aaefb62cbaa9e9749693fe5e774\">\n.flex_column.av-81l4ko-31648aaefb62cbaa9e9749693fe5e774{\npadding:0 30px 0 20px;\n}\n<\/style>\n<div  class='flex_column av-81l4ko-31648aaefb62cbaa9e9749693fe5e774 av_one_full  avia-builder-el-77  el_after_av_one_full  el_before_av_one_full  first flex_column_div  column-top-margin'     ><p><br \/>\n<section  class='av_textblock_section av-2mkdns-31738b59844a9b13b61841577c6c4b24'   itemscope=\"itemscope\" itemtype=\"https:\/\/schema.org\/CreativeWork\" ><div class='avia_textblock'  itemprop=\"text\" ><h6>Credit: Gisela Kallenbach<\/h6>\n<\/div><\/section><\/p><\/div>\n\n<style type=\"text\/css\" data-created_by=\"avia_inline_auto\" id=\"style-css-av-l1zlk-71c1769ccd001e6925a29a8725e664a7\">\n.flex_column.av-l1zlk-71c1769ccd001e6925a29a8725e664a7{\npadding:0 30px 0 20px;\n}\n<\/style>\n<div  class='flex_column av-l1zlk-71c1769ccd001e6925a29a8725e664a7 av_one_full  avia-builder-el-80  el_after_av_one_full  el_before_av_one_full  first flex_column_div  column-top-margin'     ><p><br \/>\n<section  class='av_textblock_section av-2un0mg-5d63b81773a2fbe06fad96b37bcb9447'   itemscope=\"itemscope\" itemtype=\"https:\/\/schema.org\/CreativeWork\" ><div class='avia_textblock'  itemprop=\"text\" ><h6>Credit: Foto Bj\u00f6rn Menzel<\/h6>\n<\/div><\/section><\/p><\/div>\n\n<style type=\"text\/css\" data-created_by=\"avia_inline_auto\" id=\"style-css-av-5k2lrs-d610122fec6f23a03a700e066e92c81c\">\n.flex_column.av-5k2lrs-d610122fec6f23a03a700e066e92c81c{\npadding:0 30px 0 20px;\n}\n<\/style>\n<div  class='flex_column av-5k2lrs-d610122fec6f23a03a700e066e92c81c av_one_full  avia-builder-el-83  el_after_av_one_full  el_before_av_one_full  first flex_column_div  column-top-margin'     ><p><br \/>\n<section  class='av_textblock_section av-39t548-45d5d97c329633927a0ad10125e2b273'   itemscope=\"itemscope\" itemtype=\"https:\/\/schema.org\/CreativeWork\" ><div class='avia_textblock'  itemprop=\"text\" ><h6>Credit: Foto ABL\/Armin Wiech<\/h6>\n<\/div><\/section><\/p><\/div>\n\n<style type=\"text\/css\" data-created_by=\"avia_inline_auto\" id=\"style-css-av-5kne88-4c7bdad9fe5d2d74c51be5fe66d0c176\">\n.flex_column.av-5kne88-4c7bdad9fe5d2d74c51be5fe66d0c176{\npadding:0 30px 0 20px;\n}\n<\/style>\n<div  class='flex_column av-5kne88-4c7bdad9fe5d2d74c51be5fe66d0c176 av_one_full  avia-builder-el-86  el_after_av_one_full  el_before_av_one_full  first flex_column_div  column-top-margin'     ><p><br \/>\n<section  class='av_textblock_section av-1w6vk8-7324dece43bd1bd194c667283a44696b'   itemscope=\"itemscope\" itemtype=\"https:\/\/schema.org\/CreativeWork\" ><div class='avia_textblock'  itemprop=\"text\" ><h6>Credit: Foto ABL\/Christoph Motzer<\/h6>\n<\/div><\/section><\/p><\/div>\n\n<style type=\"text\/css\" data-created_by=\"avia_inline_auto\" id=\"style-css-av-3zppnc-a40e5402de4a576b9860864ca4f5f523\">\n.flex_column.av-3zppnc-a40e5402de4a576b9860864ca4f5f523{\npadding:0 30px 0 20px;\n}\n<\/style>\n<div  class='flex_column av-3zppnc-a40e5402de4a576b9860864ca4f5f523 av_one_full  avia-builder-el-89  el_after_av_one_full  avia-builder-el-last  first flex_column_div  column-top-margin'     ><p><br \/>\n<section  class='av_textblock_section av-2e1nzs-ca55516851071ed8871ffc8d2f302574'   itemscope=\"itemscope\" itemtype=\"https:\/\/schema.org\/CreativeWork\" ><div class='avia_textblock'  itemprop=\"text\" ><h6>Credit: Foto ABL\/Bernd Heinze<\/h6>\n<\/div><\/section><\/p><\/div>","protected":false},"excerpt":{"rendered":"","protected":false},"author":1,"featured_media":0,"parent":0,"menu_order":0,"comment_status":"closed","ping_status":"closed","template":"","meta":{"footnotes":""},"class_list":["post-4728","page","type-page","status-publish","hentry"],"_links":{"self":[{"href":"https:\/\/freiheitsdenkmal-leipzig.de\/en\/wp-json\/wp\/v2\/pages\/4728"}],"collection":[{"href":"https:\/\/freiheitsdenkmal-leipzig.de\/en\/wp-json\/wp\/v2\/pages"}],"about":[{"href":"https:\/\/freiheitsdenkmal-leipzig.de\/en\/wp-json\/wp\/v2\/types\/page"}],"author":[{"embeddable":true,"href":"https:\/\/freiheitsdenkmal-leipzig.de\/en\/wp-json\/wp\/v2\/users\/1"}],"replies":[{"embeddable":true,"href":"https:\/\/freiheitsdenkmal-leipzig.de\/en\/wp-json\/wp\/v2\/comments?post=4728"}],"version-history":[{"count":132,"href":"https:\/\/freiheitsdenkmal-leipzig.de\/en\/wp-json\/wp\/v2\/pages\/4728\/revisions"}],"predecessor-version":[{"id":10227,"href":"https:\/\/freiheitsdenkmal-leipzig.de\/en\/wp-json\/wp\/v2\/pages\/4728\/revisions\/10227"}],"wp:attachment":[{"href":"https:\/\/freiheitsdenkmal-leipzig.de\/en\/wp-json\/wp\/v2\/media?parent=4728"}],"curies":[{"name":"wp","href":"https:\/\/api.w.org\/{rel}","templated":true}]}}