{"id":5756,"date":"2024-04-26T12:01:28","date_gmt":"2024-04-26T12:01:28","guid":{"rendered":"https:\/\/freiheitsdenkmal-leipzig.de\/?page_id=5756"},"modified":"2024-11-21T11:49:21","modified_gmt":"2024-11-21T11:49:21","slug":"cinema-casino","status":"publish","type":"page","link":"https:\/\/freiheitsdenkmal-leipzig.de\/en\/cinema-casino","title":{"rendered":"Cinema Casino"},"content":{"rendered":"<style type=\"text\/css\" data-created_by=\"avia_inline_auto\" id=\"style-css-av-lvezkg6q-70cbd74f2e862c73a6f1a4f0249bc258\">\n.avia-section.av-lvezkg6q-70cbd74f2e862c73a6f1a4f0249bc258{\nbackground-repeat:no-repeat;\nbackground-image:url(https:\/\/freiheitsdenkmal-leipzig.de\/wp-content\/uploads\/2024\/04\/uferfauen-gespraech.jpg);\nbackground-position:50% 50%;\nbackground-attachment:scroll;\n}\n<\/style>\n<div id='av_section_1'  class='avia-section av-lvezkg6q-70cbd74f2e862c73a6f1a4f0249bc258 main_color avia-section-no-padding avia-no-border-styling  avia-builder-el-0  el_before_av_one_full  avia-builder-el-first  avia-bg-style-scroll av-minimum-height av-minimum-height-50 av-height-50  container_wrap fullsize'  data-section-bg-repeat='no-repeat' data-av_minimum_height_pc='50' data-av_min_height_opt='50'><div class='container av-section-cont-open' ><main  role=\"main\" itemprop=\"mainContentOfPage\"  class='template-page content  av-content-full alpha units'><div class='post-entry post-entry-type-page post-entry-5756'><div class='entry-content-wrapper clearfix'>\n\n<style type=\"text\/css\" data-created_by=\"avia_inline_auto\" id=\"style-css-av-lvf04w5e-15120605ac226c251f935af025717891\">\n#top .av-special-heading.av-lvf04w5e-15120605ac226c251f935af025717891{\npadding-bottom:10px;\ncolor:#ffffff;\nfont-size:70px;\n}\nbody .av-special-heading.av-lvf04w5e-15120605ac226c251f935af025717891 .av-special-heading-tag .heading-char{\nfont-size:25px;\n}\n#top #wrap_all .av-special-heading.av-lvf04w5e-15120605ac226c251f935af025717891 .av-special-heading-tag{\nfont-size:70px;\n}\n.av-special-heading.av-lvf04w5e-15120605ac226c251f935af025717891 .special-heading-inner-border{\nborder-color:#ffffff;\n}\n.av-special-heading.av-lvf04w5e-15120605ac226c251f935af025717891 .av-subheading{\nfont-size:15px;\n}\n\n@media only screen and (min-width: 480px) and (max-width: 767px){ \n#top #wrap_all .av-special-heading.av-lvf04w5e-15120605ac226c251f935af025717891 .av-special-heading-tag{\nfont-size:0.8em;\n}\n}\n\n@media only screen and (max-width: 479px){ \n#top #wrap_all .av-special-heading.av-lvf04w5e-15120605ac226c251f935af025717891 .av-special-heading-tag{\nfont-size:0.8em;\n}\n}\n<\/style>\n<div  class='av-special-heading av-lvf04w5e-15120605ac226c251f935af025717891 av-special-heading-h1 custom-color-heading blockquote modern-quote modern-centered  avia-builder-el-1  el_before_av_hr  avia-builder-el-first  av-thin-font av-inherit-size'><h1 class='av-special-heading-tag'  itemprop=\"headline\"  ><strong>Cinema Casino<\/strong><\/h1><div class=\"special-heading-border\"><div class=\"special-heading-inner-border\"><\/div><\/div><\/div>\n\n<style type=\"text\/css\" data-created_by=\"avia_inline_auto\" id=\"style-css-av-2pakek-896a80653b4c638193d4c5484355e065\">\n#top .hr.hr-invisible.av-2pakek-896a80653b4c638193d4c5484355e065{\nheight:50px;\n}\n<\/style>\n<div  class='hr av-2pakek-896a80653b4c638193d4c5484355e065 hr-invisible  avia-builder-el-2  el_after_av_heading  el_before_av_button'><span class='hr-inner'><span class=\"hr-inner-style\"><\/span><\/span><\/div>\n<div  class='avia-button-wrap av-lvglynys-c7b3f6d8d264a1b0c70ff88d5df214fa-wrap avia-button-center  avia-builder-el-3  el_after_av_hr  avia-builder-el-last'>\n<style type=\"text\/css\" data-created_by=\"avia_inline_auto\" id=\"style-css-av-lvglynys-c7b3f6d8d264a1b0c70ff88d5df214fa\">\n#top #wrap_all .avia-button.av-lvglynys-c7b3f6d8d264a1b0c70ff88d5df214fa{\nfont-size:18px;\nbackground-color:#178389;\nborder-color:#178389;\ncolor:#ffffff;\nbox-shadow: 0px 0px 0px 0px ;\ntransition:all 0.4s ease-in-out;\nmargin:0 0 0 0;\npadding:5px 5px 5px 5px;\n}\n<\/style>\n<a href='https:\/\/freiheitsdenkmal-leipzig.de\/en\/event\/tamara\/' class='avia-button av-lvglynys-c7b3f6d8d264a1b0c70ff88d5df214fa av-link-btn avia-icon_select-no avia-size-medium avia-position-center' target=\"_blank\" rel=\"noopener noreferrer\"><span class='avia_iconbox_title' >Letzter Film: 22.10. Jonas Walter: \"Tamara\"<\/span><\/a><\/div>\n<\/div><\/div><\/main><!-- close content main element --><\/div><\/div><div id='after_section_1'  class='main_color av_default_container_wrap container_wrap fullsize'  ><div class='container av-section-cont-open' ><div class='template-page content  av-content-full alpha units'><div class='post-entry post-entry-type-page post-entry-5756'><div class='entry-content-wrapper clearfix'><div  class='flex_column av-23w17g-23c244e59f8c47a6f848f94814d2c048 av_one_full  avia-builder-el-4  el_after_av_section  avia-builder-el-no-sibling  first flex_column_div'     ><section  class='av_textblock_section av-lvezshmu-f74738ac4a883a4dcfd5175e46948a0d'   itemscope=\"itemscope\" itemtype=\"https:\/\/schema.org\/CreativeWork\" ><div class='avia_textblock'  itemprop=\"text\" ><h2>Cinema Casino &#8211; DenkmalWerkstatt goes Kino!<\/h2>\n<p>Einmal im Monat verwandelt sich die DenkmalWerkstatt in das Zeitgeschichtskino Cinema Casino mit einem anspruchsvollen Filmprogramm.<\/p>\n<h2>Ausgangspunkt: Friedliche Revolution \u201889<\/h2>\n<p>Um den Resonanzraum des zuk\u00fcnftigen Denkmals erfahrbar zu machen, haben wir die Filmreihe Cinema Casino ins Leben gerufen. Und ein Programm zusammengestellt, mit dem wir dazu einladen m\u00f6chten, sich mit den politisch-sozialen Lebenswirklichkeiten zu besch\u00e4ftigen, aus denen die Friedliche Revolution entstand \u2013 vor allem aber um die gro\u00dfen gesellschaftlichen Ver\u00e4nderungen sichtbar zu machen, die aus dem Umbruch von 1989 hervorgegangen sind.<\/p>\n<p><em>Was hat sich damals f\u00fcr uns ver\u00e4ndert? Was haben wir ver\u00e4ndert?<\/em><\/p>\n<h2>Cinema Casino &#8211; Filme im Gespr\u00e4ch<\/h2>\n<p>Wir haben unsere zeitgeschichtliche Filmreihe nach dem legend\u00e4ren Leipziger Programmkino Casino benannt, in dessen ehemaligen R\u00e4umen in der Kupfergasse sich unsere DenkmalWerkstatt bis Oktober 2023 befand. Inzwischen ist das Cinema Casino mit der DenkmalWerkstatt ins Hansahaus, Grimmaische Str. 13-15, umgezogen, doch das Casino-Kino bleibt unser Leitstern.<\/p>\n<p>Nach dem Film des Abends gibt es in der Regel ein Gespr\u00e4ch mit dem Publikum und geladenen G\u00e4sten bei Snacks und Getr\u00e4nken.<\/p>\n<p>Bei der Auswahl der Filme, aus deren Perspektive wir auf 1989 schauen m\u00f6chten, lassen wir uns von Themen leiten, die das Damals mit dem Heute verbinden wie: Freiheit, Musik, Umwelt, Aufbruch, Jungsein, Mode, Sexualit\u00e4t und Solidarit\u00e4t.<\/p>\n<\/div><\/section><br \/>\n\n<style type=\"text\/css\" data-created_by=\"avia_inline_auto\" id=\"style-css-av-lw7hk1ko-631f1e2c144d8427906b802178cc7393\">\n#top .hr.hr-invisible.av-lw7hk1ko-631f1e2c144d8427906b802178cc7393{\nheight:50px;\n}\n<\/style>\n<div  class='hr av-lw7hk1ko-631f1e2c144d8427906b802178cc7393 hr-invisible  avia-builder-el-6  el_after_av_textblock  el_before_av_textblock'><span class='hr-inner'><span class=\"hr-inner-style\"><\/span><\/span><\/div><br \/>\n<section  class='av_textblock_section av-lxlh14v1-0a6b9e611586cd94e3d7ef049d94ecf9'   itemscope=\"itemscope\" itemtype=\"https:\/\/schema.org\/CreativeWork\" ><div class='av-desktop-hide av-medium-hide av-small-hide av-mini-hide avia_textblock'  itemprop=\"text\" ><h5><em><strong><a href=\"https:\/\/freiheitsdenkmal-leipzig.de\/wp-content\/uploads\/2024\/03\/Casino_Kino_Flyer_web.pdf\" target=\"_blank\" rel=\"noopener\">Das aktuelle Cinema Casino-Programm<\/a> ist auch als <a href=\"https:\/\/freiheitsdenkmal-leipzig.de\/wp-content\/uploads\/2024\/03\/Casino_Kino_Flyer_web.pdf\" target=\"_blank\" rel=\"noopener\">Flyer<\/a> and <a href=\"https:\/\/freiheitsdenkmal-leipzig.de\/en\/termine\/\" target=\"_blank\" rel=\"noopener\">in den Terminen<\/a><\/strong><\/em>\u00a0verf\u00fcgbar.<\/h5>\n<\/div><\/section><br \/>\n<section  class='av_textblock_section av-lvwcmikb-32aadefc4cca5613df2f3e2d93337aa3'   itemscope=\"itemscope\" itemtype=\"https:\/\/schema.org\/CreativeWork\" ><div class='av-desktop-hide av-medium-hide av-small-hide av-mini-hide avia_textblock'  itemprop=\"text\" ><h2>Cinema Casino &#8211; Aktuell<\/h2>\n<p>Am <strong>18. Juni<\/strong> zeigt unser Zeitgeschichtskino die Dokumentation \u201e<strong>Cancrin \u2013 Eine Geschichte des 17. Juni 1953\u201c<\/strong>. Regisseur<strong> Alberto Herskovits <\/strong>und Produzent<strong> Hartmut R\u00fcffert <\/strong>kommen zum Filmgespr\u00e4ch.<\/p>\n<p>Der Eintritt ist frei.<\/p>\n<p><strong>Cancrin \u2013 Eine Geschichte des 17. Juni 1953<\/strong><\/p>\n<p>Der Volksaufstand am 17. Juni 1953 fand nicht nur in den gro\u00dfen St\u00e4dten statt. Auch in kleineren Orten gab es Protest und politische Forderungen. So auch in der Brikettfabrik in Espenhain s\u00fcdlich von Leipzig. Einer der Protestierenden war Eberhard von Cancrin aus Geithain. Er wurde mit sieben anderen als \u201eR\u00e4delsf\u00fchrer\u201c von sowjetischen Wachmannschaften festgenommen. W\u00e4hrend die anderen Verhafteten schnell wieder freikamen, blieb Eberhard von Cancrin verschollen. Im Bericht der DDR-Staatssicherheit hie\u00df es: \u201eals Provokateur erschossen\u201c. Seine Witwe und die T\u00f6chter sprechen im Film \u00fcber die Situation vor 70 Jahren und die Folgen bis heute.<\/p>\n<p><a href=\"https:\/\/freiheitsdenkmal-leipzig.de\/wp-content\/uploads\/2024\/05\/cancrin.pdf\">Mehr zum Film<\/a><\/p>\n<p>18:00 Film: Cancrin \u2013 Eine Geschichte des 17. Juni 1953<\/p>\n<p>18:30 Gespr\u00e4ch mit Regisseur Alberto Herskovits und Hartmut R\u00fcffert, Produzent und B\u00fcrgerrechtler<\/p>\n<\/div><\/section><\/p><\/div><\/p>","protected":false},"excerpt":{"rendered":"","protected":false},"author":1,"featured_media":5799,"parent":0,"menu_order":0,"comment_status":"closed","ping_status":"closed","template":"","meta":{"footnotes":""},"class_list":["post-5756","page","type-page","status-publish","has-post-thumbnail","hentry"],"_links":{"self":[{"href":"https:\/\/freiheitsdenkmal-leipzig.de\/en\/wp-json\/wp\/v2\/pages\/5756"}],"collection":[{"href":"https:\/\/freiheitsdenkmal-leipzig.de\/en\/wp-json\/wp\/v2\/pages"}],"about":[{"href":"https:\/\/freiheitsdenkmal-leipzig.de\/en\/wp-json\/wp\/v2\/types\/page"}],"author":[{"embeddable":true,"href":"https:\/\/freiheitsdenkmal-leipzig.de\/en\/wp-json\/wp\/v2\/users\/1"}],"replies":[{"embeddable":true,"href":"https:\/\/freiheitsdenkmal-leipzig.de\/en\/wp-json\/wp\/v2\/comments?post=5756"}],"version-history":[{"count":78,"href":"https:\/\/freiheitsdenkmal-leipzig.de\/en\/wp-json\/wp\/v2\/pages\/5756\/revisions"}],"predecessor-version":[{"id":8684,"href":"https:\/\/freiheitsdenkmal-leipzig.de\/en\/wp-json\/wp\/v2\/pages\/5756\/revisions\/8684"}],"wp:featuredmedia":[{"embeddable":true,"href":"https:\/\/freiheitsdenkmal-leipzig.de\/en\/wp-json\/wp\/v2\/media\/5799"}],"wp:attachment":[{"href":"https:\/\/freiheitsdenkmal-leipzig.de\/en\/wp-json\/wp\/v2\/media?parent=5756"}],"curies":[{"name":"wp","href":"https:\/\/api.w.org\/{rel}","templated":true}]}}