{"id":6076,"date":"2024-04-30T08:38:47","date_gmt":"2024-04-30T08:38:47","guid":{"rendered":"https:\/\/freiheitsdenkmal-leipzig.de\/?page_id=6076"},"modified":"2026-01-07T12:03:00","modified_gmt":"2026-01-07T12:03:00","slug":"angebote","status":"publish","type":"page","link":"https:\/\/freiheitsdenkmal-leipzig.de\/en\/angebote","title":{"rendered":"Angebote"},"content":{"rendered":"<div  class='flex_column av-2xvn70-28d5a156ac2c25ed7e56d37b89f5829b av_one_full  avia-builder-el-0  el_before_av_four_fifth  avia-builder-el-first  first flex_column_div'     ><style type=\"text\/css\" data-created_by=\"avia_inline_auto\" id=\"style-css-av-lvm45ooz-792dbc5dd49971043f1cb00b863cc7f7\">\n#top .av-special-heading.av-lvm45ooz-792dbc5dd49971043f1cb00b863cc7f7{\npadding-bottom:10px;\nfont-size:60px;\n}\nbody .av-special-heading.av-lvm45ooz-792dbc5dd49971043f1cb00b863cc7f7 .av-special-heading-tag .heading-char{\nfont-size:25px;\n}\n#top #wrap_all .av-special-heading.av-lvm45ooz-792dbc5dd49971043f1cb00b863cc7f7 .av-special-heading-tag{\nfont-size:60px;\n}\n.av-special-heading.av-lvm45ooz-792dbc5dd49971043f1cb00b863cc7f7 .av-subheading{\nfont-size:15px;\n}\n\n@media only screen and (min-width: 480px) and (max-width: 767px){ \n#top #wrap_all .av-special-heading.av-lvm45ooz-792dbc5dd49971043f1cb00b863cc7f7 .av-special-heading-tag{\nfont-size:0.8em;\n}\n}\n\n@media only screen and (max-width: 479px){ \n#top #wrap_all .av-special-heading.av-lvm45ooz-792dbc5dd49971043f1cb00b863cc7f7 .av-special-heading-tag{\nfont-size:0.8em;\n}\n}\n<\/style>\n<div  class='av-special-heading av-lvm45ooz-792dbc5dd49971043f1cb00b863cc7f7 av-special-heading-h1 blockquote modern-quote  avia-builder-el-1  avia-builder-el-no-sibling  av-thin-font av-inherit-size'><h1 class='av-special-heading-tag'  itemprop=\"headline\"  ><strong>Unsere Angebote<\/strong><\/h1><div class=\"special-heading-border\"><div class=\"special-heading-inner-border\"><\/div><\/div><\/div><\/div>\n<div  class='flex_column av-9ts64-ca09ea192c48a9d2938d59f4a836da12 av_four_fifth  avia-builder-el-2  el_after_av_one_full  el_before_av_four_fifth  first flex_column_div  column-top-margin'     ><section  class='av_textblock_section av-lvm3degs-c9ac37cd1bbdd1438556ca795f5ccba2'   itemscope=\"itemscope\" itemtype=\"https:\/\/schema.org\/CreativeWork\" ><div class='avia_textblock'  itemprop=\"text\" ><p>Wir m\u00f6chten mit Ihnen ins Gespr\u00e4ch kommen. \u00dcber die Friedliche Revolution von 1989, \u00fcber Ihre Geschichte damit, \u00fcber das Errreichte und Vers\u00e4umte, \u00fcber ein Freiheits- und Einheitsdenkmal in Leipzig, \u00fcber aktuelle Entwicklungen und Perspektiven und \u00fcber Verbindungen zwischen damals und heute.<br \/>\nDaf\u00fcr machen wir Angebote f\u00fcr verschiedene Alter und Interessen. In unserer DenkmalWerkstatt (Hansahaus, Grimmaische Stra\u00dfe 13-15, 04109 Leipzig) und an anderen Orten.<\/p>\n<\/div><\/section><\/div>\n<div  class='flex_column av-21uya4-e66e8f832b11a0de82e0dd17b79f0fe8 av_four_fifth  avia-builder-el-4  el_after_av_four_fifth  avia-builder-el-last  first flex_column_div'     ><section  class='av_textblock_section av-lvm66e0v-7dce9b885e89a44eafc4d245835d4716'   itemscope=\"itemscope\" itemtype=\"https:\/\/schema.org\/CreativeWork\" ><div class='avia_textblock'  itemprop=\"text\" ><p>Unsere Angebote im Laufe der letzten Jahre:<\/p>\n<ul>\n<li><strong><a href=\"https:\/\/freiheitsdenkmal-leipzig.de\/en\/freiraum\/\" target=\"_blank\" rel=\"noopener\">FREI_RAUM 2025<\/a><\/strong> &#8211; Kino, Kultur und Dialog auf dem Weg zu einem Freiheits- und Einheitsdenkmal<\/li>\n<li>die Ausstellungen: <strong><a href=\"..\/westreise\" target=\"_blank\" rel=\"noopener\">Wanderausstellung &#8222;Das Denkmal ist &#8230;&#8220;<\/a><\/strong> and <a href=\"..\/ddr-in-aufruhr\" target=\"_blank\" rel=\"noopener\"><strong>&#8222;DDR in Aufruhr&#8220;<\/strong><\/a>in der Denkmal Werkstatt<\/li>\n<li>das <strong><a href=\"..\/cinema-casino\" target=\"_blank\" rel=\"noopener\">Zeitgeschichtskino Cinema Casino<\/a><\/strong><\/li>\n<li>den <a href=\"..\/podcast\" target=\"_blank\" rel=\"noopener\"><strong>Podcast &#8222;Wir sind das Volk&#8220;<\/strong><\/a><\/li>\n<li>Theatrale Stadtrundg\u00e4nge f\u00fcr Kinder in Kooperation mit dem TDJW<strong><a href=\"..\/fritzi-war-dabei\" target=\"_blank\" rel=\"noopener\"> &#8222;FRITZI WAR DABEI&#8220;<\/a><\/strong><\/li>\n<li>unser Kooperationsprojekt<strong><a href=\"..\/denkmalwerkstatt-buchkinder\" target=\"_blank\" rel=\"noopener\"> DenkmalWerkstatt Buchkinder: \u201eFreiheit und das Ringen darum\u201c<\/a><\/strong> f\u00fcr Kinder<\/li>\n<li>unsere Nachmittagsfilme, in der Regel dienstags um 16 Uhr. <strong><a href=\"..\/events\" target=\"_blank\" rel=\"noopener\">Termine aktuell im Kalender<\/a><\/strong><\/li>\n<li>das Zeitzeug:innencaf\u00e9 einmal pro Monat. <a href=\"..\/events\" target=\"_blank\" rel=\"noopener\"><strong>Termine aktuell im Kalender<\/strong><\/a><\/li>\n<\/ul>\n<p><a href=\"..\/ausstellungen\" target=\"_blank\" rel=\"noopener\"><strong>fr\u00fchere Ausstellungen finden Sie im Archiv<\/strong><\/a><\/p>\n<\/div><\/section><\/div>","protected":false},"excerpt":{"rendered":"","protected":false},"author":1,"featured_media":0,"parent":0,"menu_order":0,"comment_status":"closed","ping_status":"closed","template":"","meta":{"footnotes":""},"class_list":["post-6076","page","type-page","status-publish","hentry"],"_links":{"self":[{"href":"https:\/\/freiheitsdenkmal-leipzig.de\/en\/wp-json\/wp\/v2\/pages\/6076"}],"collection":[{"href":"https:\/\/freiheitsdenkmal-leipzig.de\/en\/wp-json\/wp\/v2\/pages"}],"about":[{"href":"https:\/\/freiheitsdenkmal-leipzig.de\/en\/wp-json\/wp\/v2\/types\/page"}],"author":[{"embeddable":true,"href":"https:\/\/freiheitsdenkmal-leipzig.de\/en\/wp-json\/wp\/v2\/users\/1"}],"replies":[{"embeddable":true,"href":"https:\/\/freiheitsdenkmal-leipzig.de\/en\/wp-json\/wp\/v2\/comments?post=6076"}],"version-history":[{"count":36,"href":"https:\/\/freiheitsdenkmal-leipzig.de\/en\/wp-json\/wp\/v2\/pages\/6076\/revisions"}],"predecessor-version":[{"id":10262,"href":"https:\/\/freiheitsdenkmal-leipzig.de\/en\/wp-json\/wp\/v2\/pages\/6076\/revisions\/10262"}],"wp:attachment":[{"href":"https:\/\/freiheitsdenkmal-leipzig.de\/en\/wp-json\/wp\/v2\/media?parent=6076"}],"curies":[{"name":"wp","href":"https:\/\/api.w.org\/{rel}","templated":true}]}}